{"id":124,"date":"2021-11-17T11:17:40","date_gmt":"2021-11-17T14:17:40","guid":{"rendered":"https:\/\/buzas.devfirma.com.br\/?page_id=124"},"modified":"2025-02-19T17:56:58","modified_gmt":"2025-02-19T20:56:58","slug":"sobre-a-empresa","status":"publish","type":"page","link":"https:\/\/buzas.com.br\/english\/sobre-a-empresa\/","title":{"rendered":"Buzas &#8211; Sobre a Empresa"},"content":{"rendered":"<div data-elementor-type=\"wp-page\" data-elementor-id=\"124\" class=\"elementor elementor-124\" data-elementor-post-type=\"page\">\n\t\t\t\t\t\t<section class=\"elementor-section elementor-top-section elementor-element elementor-element-bf80fa8 elementor-section-boxed elementor-section-height-default elementor-section-height-default\" data-id=\"bf80fa8\" data-element_type=\"section\">\n\t\t\t\t\t\t<div class=\"elementor-container elementor-column-gap-no\">\n\t\t\t\t\t<div class=\"elementor-column elementor-col-50 elementor-top-column elementor-element elementor-element-5bc887c\" data-id=\"5bc887c\" data-element_type=\"column\">\n\t\t\t<div class=\"elementor-widget-wrap elementor-element-populated\">\n\t\t\t\t\t\t<div class=\"elementor-element elementor-element-c6799de elementor-widget elementor-widget-heading\" data-id=\"c6799de\" data-element_type=\"widget\" data-widget_type=\"heading.default\">\n\t\t\t\t<div class=\"elementor-widget-container\">\n\t\t\t\t\t<h1 class=\"elementor-heading-title elementor-size-default\">Buzas was FOUNDED in 1995 with a bold plan:<\/h1>\t\t\t\t<\/div>\n\t\t\t\t<\/div>\n\t\t\t\t<div class=\"elementor-element elementor-element-2cda67a elementor-widget elementor-widget-text-editor\" data-id=\"2cda67a\" data-element_type=\"widget\" data-widget_type=\"text-editor.default\">\n\t\t\t\t<div class=\"elementor-widget-container\">\n\t\t\t\t\t\t\t\t\t<p><span style=\"font-weight: 400;\">Exceed customer expectations: that was our plan. Over these years, Buzas has done much more than that: it has established a relationship of trust and partnership.<\/span><\/p><p><span style=\"font-weight: 400;\">One of the pioneer companies in Brazil in cutting and forming metal, making the fabrication and processing through laser plate cutting, the company emerged from the realization of the demand for this service in medium and large companies all sizes in Brazil.<\/span><\/p><p><span style=\"font-weight: 400;\">In 1997, with the arrival of the first laser cutting machine in Brazil, processing and production began using laser cutting exclusively for third parties.\u00a0<\/span><\/p><p><span style=\"font-weight: 400;\">Over the years, realizing that new needs emerged, added different services to his curriculum to meet the expectations of customers.<\/span><\/p>\t\t\t\t\t\t\t\t<\/div>\n\t\t\t\t<\/div>\n\t\t\t\t\t<\/div>\n\t\t<\/div>\n\t\t\t\t<div class=\"elementor-column elementor-col-50 elementor-top-column elementor-element elementor-element-c6e096e\" data-id=\"c6e096e\" data-element_type=\"column\">\n\t\t\t<div class=\"elementor-widget-wrap elementor-element-populated\">\n\t\t\t\t\t\t<div class=\"elementor-element elementor-element-47f2ff9 elementor-widget elementor-widget-image\" data-id=\"47f2ff9\" data-element_type=\"widget\" data-widget_type=\"image.default\">\n\t\t\t\t<div class=\"elementor-widget-container\">\n\t\t\t\t\t\t\t\t\t\t\t\t\t\t\t<img fetchpriority=\"high\" decoding=\"async\" width=\"580\" height=\"625\" src=\"https:\/\/buzas.com.br\/wp-content\/uploads\/2021\/11\/hero01.png\" class=\"attachment-large size-large wp-image-126\" alt=\"\" srcset=\"https:\/\/buzas.com.br\/wp-content\/uploads\/2021\/11\/hero01.png 580w, https:\/\/buzas.com.br\/wp-content\/uploads\/2021\/11\/hero01-278x300.png 278w\" sizes=\"(max-width: 580px) 100vw, 580px\" \/>\t\t\t\t\t\t\t\t\t\t\t\t\t\t\t<\/div>\n\t\t\t\t<\/div>\n\t\t\t\t\t<\/div>\n\t\t<\/div>\n\t\t\t\t\t<\/div>\n\t\t<\/section>\n\t\t\t\t<section class=\"elementor-section elementor-top-section elementor-element elementor-element-216ee4b elementor-reverse-mobile elementor-section-boxed elementor-section-height-default elementor-section-height-default\" data-id=\"216ee4b\" data-element_type=\"section\" data-settings=\"{&quot;background_background&quot;:&quot;classic&quot;}\">\n\t\t\t\t\t\t<div class=\"elementor-container elementor-column-gap-no\">\n\t\t\t\t\t<div class=\"elementor-column elementor-col-50 elementor-top-column elementor-element elementor-element-0846191 elementor-hidden-tablet\" data-id=\"0846191\" data-element_type=\"column\">\n\t\t\t<div class=\"elementor-widget-wrap elementor-element-populated\">\n\t\t\t\t\t\t<div class=\"elementor-element elementor-element-24b6962 elementor-widget elementor-widget-text-editor\" data-id=\"24b6962\" data-element_type=\"widget\" data-widget_type=\"text-editor.default\">\n\t\t\t\t<div class=\"elementor-widget-container\">\n\t\t\t\t\t\t\t\t\t<p><span style=\"font-weight: 400;\">The industrial park gained new machines and advanced technology and the company implemented complete information management, involving both the design and production areas and the administrative sector. Buzas has always prepared itself for solid and sustainable growth.<\/span><\/p><p><span style=\"font-weight: 400;\">Desde o in\u00edcio de sua hist\u00f3ria a empresa investiu em sedes pr\u00f3prias para poder atender os novos parceiros. Assim surgiu, em 2005, o novo parque industrial, com uma \u00e1rea total de 9 mil metros quadrados e \u00e1rea industrial de 4000 m\u00b2, na Zona Leste, estrategicamente bem localizada.<\/span><\/p>\t\t\t\t\t\t\t\t<\/div>\n\t\t\t\t<\/div>\n\t\t\t\t\t<\/div>\n\t\t<\/div>\n\t\t\t\t<div class=\"elementor-column elementor-col-50 elementor-top-column elementor-element elementor-element-c2e336f\" data-id=\"c2e336f\" data-element_type=\"column\">\n\t\t\t<div class=\"elementor-widget-wrap elementor-element-populated\">\n\t\t\t\t\t\t<div class=\"elementor-element elementor-element-c8a1461 elementor-widget elementor-widget-text-editor\" data-id=\"c8a1461\" data-element_type=\"widget\" data-widget_type=\"text-editor.default\">\n\t\t\t\t<div class=\"elementor-widget-container\">\n\t\t\t\t\t\t\t\t\t<p><span style=\"font-weight: 400;\">The industrial park gained new machines and advanced technology and the company implemented complete information management, involving both the design and production areas and the administrative sector. Buzas has always prepared itself for solid and sustainable growth.<\/span><\/p><p>Since the beginning of its history, the company has invested in proper headquarters with the intention to take care  new partners. Thus in 2005 the new industrial park was created with a total area of 9 thousand square meters and an industrial area of 4000 m\u00b2, in the East Zone of S\u00e3o Paulo, strategically located.<\/p>\t\t\t\t\t\t\t\t<\/div>\n\t\t\t\t<\/div>\n\t\t\t\t\t<\/div>\n\t\t<\/div>\n\t\t\t\t\t<\/div>\n\t\t<\/section>\n\t\t\t\t<section class=\"elementor-section elementor-top-section elementor-element elementor-element-140b7d3 elementor-section-full_width elementor-section-height-default elementor-section-height-default\" data-id=\"140b7d3\" data-element_type=\"section\">\n\t\t\t\t\t\t<div class=\"elementor-container elementor-column-gap-default\">\n\t\t\t\t\t<div class=\"elementor-column elementor-col-100 elementor-top-column elementor-element elementor-element-4a5a1ac\" data-id=\"4a5a1ac\" data-element_type=\"column\">\n\t\t\t<div class=\"elementor-widget-wrap elementor-element-populated\">\n\t\t\t\t\t\t<div class=\"elementor-element elementor-element-b0c1204 elementor-arrows-position-inside elementor-widget elementor-widget-image-carousel\" data-id=\"b0c1204\" data-element_type=\"widget\" data-settings=\"{&quot;slides_to_show&quot;:&quot;4&quot;,&quot;navigation&quot;:&quot;arrows&quot;,&quot;autoplay&quot;:&quot;yes&quot;,&quot;pause_on_hover&quot;:&quot;yes&quot;,&quot;pause_on_interaction&quot;:&quot;yes&quot;,&quot;autoplay_speed&quot;:5000,&quot;infinite&quot;:&quot;yes&quot;,&quot;speed&quot;:500}\" data-widget_type=\"image-carousel.default\">\n\t\t\t\t<div class=\"elementor-widget-container\">\n\t\t\t\t\t\t\t<div class=\"elementor-image-carousel-wrapper swiper\" role=\"region\" aria-roledescription=\"carousel\" aria-label=\"Carrossel de imagens\" dir=\"ltr\">\n\t\t\t<div class=\"elementor-image-carousel swiper-wrapper\" aria-live=\"off\">\n\t\t\t\t\t\t\t\t<div class=\"swiper-slide\" role=\"group\" aria-roledescription=\"slide\" aria-label=\"1 de 6\"><figure class=\"swiper-slide-inner\"><img decoding=\"async\" class=\"swiper-slide-image\" src=\"https:\/\/buzas.com.br\/wp-content\/uploads\/2025\/02\/01.jpg\" alt=\"01\" \/><\/figure><\/div><div class=\"swiper-slide\" role=\"group\" aria-roledescription=\"slide\" aria-label=\"2 de 6\"><figure class=\"swiper-slide-inner\"><img decoding=\"async\" class=\"swiper-slide-image\" src=\"https:\/\/buzas.com.br\/wp-content\/uploads\/2025\/02\/04.jpg\" alt=\"04\" \/><\/figure><\/div><div class=\"swiper-slide\" role=\"group\" aria-roledescription=\"slide\" aria-label=\"3 de 6\"><figure class=\"swiper-slide-inner\"><img decoding=\"async\" class=\"swiper-slide-image\" src=\"https:\/\/buzas.com.br\/wp-content\/uploads\/2025\/02\/03.jpg\" alt=\"03\" \/><\/figure><\/div><div class=\"swiper-slide\" role=\"group\" aria-roledescription=\"slide\" aria-label=\"4 de 6\"><figure class=\"swiper-slide-inner\"><img decoding=\"async\" class=\"swiper-slide-image\" src=\"https:\/\/buzas.com.br\/wp-content\/uploads\/2025\/02\/02.jpg\" alt=\"02\" \/><\/figure><\/div><div class=\"swiper-slide\" role=\"group\" aria-roledescription=\"slide\" aria-label=\"5 de 6\"><figure class=\"swiper-slide-inner\"><img decoding=\"async\" class=\"swiper-slide-image\" src=\"https:\/\/buzas.com.br\/wp-content\/uploads\/2025\/02\/05.jpg\" alt=\"05\" \/><\/figure><\/div><div class=\"swiper-slide\" role=\"group\" aria-roledescription=\"slide\" aria-label=\"6 de 6\"><figure class=\"swiper-slide-inner\"><img decoding=\"async\" class=\"swiper-slide-image\" src=\"https:\/\/buzas.com.br\/wp-content\/uploads\/2025\/02\/06.jpg\" alt=\"06\" \/><\/figure><\/div>\t\t\t<\/div>\n\t\t\t\t\t\t\t\t\t\t\t\t<div class=\"elementor-swiper-button elementor-swiper-button-prev\" role=\"button\" tabindex=\"0\">\n\t\t\t\t\t\t<i aria-hidden=\"true\" class=\"eicon-chevron-left\"><\/i>\t\t\t\t\t<\/div>\n\t\t\t\t\t<div class=\"elementor-swiper-button elementor-swiper-button-next\" role=\"button\" tabindex=\"0\">\n\t\t\t\t\t\t<i aria-hidden=\"true\" class=\"eicon-chevron-right\"><\/i>\t\t\t\t\t<\/div>\n\t\t\t\t\n\t\t\t\t\t\t\t\t\t<\/div>\n\t\t\t\t\t\t<\/div>\n\t\t\t\t<\/div>\n\t\t\t\t\t<\/div>\n\t\t<\/div>\n\t\t\t\t\t<\/div>\n\t\t<\/section>\n\t\t\t\t<\/div>","protected":false},"excerpt":{"rendered":"<p>A Buzas nasceu em 1995 com um plano ousado Superar sempre a expectativa do cliente: esse era o nosso plano. Ao longo desses anos a Buzas fez muito mais do que isso: estabeleceu uma rela\u00e7\u00e3o de confian\u00e7a e parceria. Uma das pioneiras no Brasil no corte e conforma\u00e7\u00e3o de metal, efetuando a fabrica\u00e7\u00e3o e beneficiamento [&hellip;]<\/p>","protected":false},"author":1,"featured_media":0,"parent":0,"menu_order":0,"comment_status":"closed","ping_status":"closed","template":"elementor_header_footer","meta":{"footnotes":""},"class_list":["post-124","page","type-page","status-publish","hentry"],"yoast_head":"<!-- This site is optimized with the Yoast SEO plugin v26.1.1 - https:\/\/yoast.com\/wordpress\/plugins\/seo\/ -->\n<title>Buzas - Sobre a Empresa - Buzas<\/title>\n<meta name=\"robots\" content=\"index, follow, max-snippet:-1, max-image-preview:large, max-video-preview:-1\" \/>\n<link rel=\"canonical\" href=\"https:\/\/buzas.com.br\/english\/sobre-a-empresa\/\" \/>\n<meta property=\"og:locale\" content=\"en_US\" \/>\n<meta property=\"og:type\" content=\"article\" \/>\n<meta property=\"og:title\" content=\"Buzas - Sobre a Empresa - Buzas\" \/>\n<meta property=\"og:description\" content=\"A Buzas nasceu em 1995 com um plano ousado Superar sempre a expectativa do cliente: esse era o nosso plano. Ao longo desses anos a Buzas fez muito mais do que isso: estabeleceu uma rela\u00e7\u00e3o de confian\u00e7a e parceria. Uma das pioneiras no Brasil no corte e conforma\u00e7\u00e3o de metal, efetuando a fabrica\u00e7\u00e3o e beneficiamento [&hellip;]\" \/>\n<meta property=\"og:url\" content=\"https:\/\/buzas.com.br\/english\/sobre-a-empresa\/\" \/>\n<meta property=\"og:site_name\" content=\"Buzas\" \/>\n<meta property=\"article:modified_time\" content=\"2025-02-19T20:56:58+00:00\" \/>\n<meta property=\"og:image\" content=\"http:\/\/buzas.com.br\/wp-content\/uploads\/2021\/11\/hero01.png\" \/>\n<meta name=\"twitter:card\" content=\"summary_large_image\" \/>\n<meta name=\"twitter:label1\" content=\"Est. reading time\" \/>\n\t<meta name=\"twitter:data1\" content=\"5 minutes\" \/>\n<script type=\"application\/ld+json\" class=\"yoast-schema-graph\">{\"@context\":\"https:\/\/schema.org\",\"@graph\":[{\"@type\":\"WebPage\",\"@id\":\"https:\/\/buzas.com.br\/sobre-a-empresa\/\",\"url\":\"https:\/\/buzas.com.br\/sobre-a-empresa\/\",\"name\":\"Buzas - Sobre a Empresa - Buzas\",\"isPartOf\":{\"@id\":\"https:\/\/buzas.com.br\/#website\"},\"primaryImageOfPage\":{\"@id\":\"https:\/\/buzas.com.br\/sobre-a-empresa\/#primaryimage\"},\"image\":{\"@id\":\"https:\/\/buzas.com.br\/sobre-a-empresa\/#primaryimage\"},\"thumbnailUrl\":\"http:\/\/buzas.com.br\/wp-content\/uploads\/2021\/11\/hero01.png\",\"datePublished\":\"2021-11-17T14:17:40+00:00\",\"dateModified\":\"2025-02-19T20:56:58+00:00\",\"breadcrumb\":{\"@id\":\"https:\/\/buzas.com.br\/sobre-a-empresa\/#breadcrumb\"},\"inLanguage\":\"en-US\",\"potentialAction\":[{\"@type\":\"ReadAction\",\"target\":[\"https:\/\/buzas.com.br\/sobre-a-empresa\/\"]}]},{\"@type\":\"ImageObject\",\"inLanguage\":\"en-US\",\"@id\":\"https:\/\/buzas.com.br\/sobre-a-empresa\/#primaryimage\",\"url\":\"http:\/\/buzas.com.br\/wp-content\/uploads\/2021\/11\/hero01.png\",\"contentUrl\":\"http:\/\/buzas.com.br\/wp-content\/uploads\/2021\/11\/hero01.png\"},{\"@type\":\"BreadcrumbList\",\"@id\":\"https:\/\/buzas.com.br\/sobre-a-empresa\/#breadcrumb\",\"itemListElement\":[{\"@type\":\"ListItem\",\"position\":1,\"name\":\"In\u00edcio\",\"item\":\"https:\/\/buzas.com.br\/\"},{\"@type\":\"ListItem\",\"position\":2,\"name\":\"Buzas &#8211; Sobre a Empresa\"}]},{\"@type\":\"WebSite\",\"@id\":\"https:\/\/buzas.com.br\/#website\",\"url\":\"https:\/\/buzas.com.br\/\",\"name\":\"Buzas\",\"description\":\"Pioneira no Brasil em servi\u00e7o de corte de chapas a laser. Servi\u00e7os com qualidade ISO 9001:2000.\",\"potentialAction\":[{\"@type\":\"SearchAction\",\"target\":{\"@type\":\"EntryPoint\",\"urlTemplate\":\"https:\/\/buzas.com.br\/?s={search_term_string}\"},\"query-input\":{\"@type\":\"PropertyValueSpecification\",\"valueRequired\":true,\"valueName\":\"search_term_string\"}}],\"inLanguage\":\"en-US\"}]}<\/script>\n<!-- \/ Yoast SEO plugin. -->","yoast_head_json":{"title":"Buzas - Sobre a Empresa - Buzas","robots":{"index":"index","follow":"follow","max-snippet":"max-snippet:-1","max-image-preview":"max-image-preview:large","max-video-preview":"max-video-preview:-1"},"canonical":"https:\/\/buzas.com.br\/english\/sobre-a-empresa\/","og_locale":"en_US","og_type":"article","og_title":"Buzas - Sobre a Empresa - Buzas","og_description":"A Buzas nasceu em 1995 com um plano ousado Superar sempre a expectativa do cliente: esse era o nosso plano. Ao longo desses anos a Buzas fez muito mais do que isso: estabeleceu uma rela\u00e7\u00e3o de confian\u00e7a e parceria. Uma das pioneiras no Brasil no corte e conforma\u00e7\u00e3o de metal, efetuando a fabrica\u00e7\u00e3o e beneficiamento [&hellip;]","og_url":"https:\/\/buzas.com.br\/english\/sobre-a-empresa\/","og_site_name":"Buzas","article_modified_time":"2025-02-19T20:56:58+00:00","og_image":[{"url":"http:\/\/buzas.com.br\/wp-content\/uploads\/2021\/11\/hero01.png","type":"","width":"","height":""}],"twitter_card":"summary_large_image","twitter_misc":{"Est. reading time":"5 minutes"},"schema":{"@context":"https:\/\/schema.org","@graph":[{"@type":"WebPage","@id":"https:\/\/buzas.com.br\/sobre-a-empresa\/","url":"https:\/\/buzas.com.br\/sobre-a-empresa\/","name":"Buzas - Sobre a Empresa - Buzas","isPartOf":{"@id":"https:\/\/buzas.com.br\/#website"},"primaryImageOfPage":{"@id":"https:\/\/buzas.com.br\/sobre-a-empresa\/#primaryimage"},"image":{"@id":"https:\/\/buzas.com.br\/sobre-a-empresa\/#primaryimage"},"thumbnailUrl":"http:\/\/buzas.com.br\/wp-content\/uploads\/2021\/11\/hero01.png","datePublished":"2021-11-17T14:17:40+00:00","dateModified":"2025-02-19T20:56:58+00:00","breadcrumb":{"@id":"https:\/\/buzas.com.br\/sobre-a-empresa\/#breadcrumb"},"inLanguage":"en-US","potentialAction":[{"@type":"ReadAction","target":["https:\/\/buzas.com.br\/sobre-a-empresa\/"]}]},{"@type":"ImageObject","inLanguage":"en-US","@id":"https:\/\/buzas.com.br\/sobre-a-empresa\/#primaryimage","url":"http:\/\/buzas.com.br\/wp-content\/uploads\/2021\/11\/hero01.png","contentUrl":"http:\/\/buzas.com.br\/wp-content\/uploads\/2021\/11\/hero01.png"},{"@type":"BreadcrumbList","@id":"https:\/\/buzas.com.br\/sobre-a-empresa\/#breadcrumb","itemListElement":[{"@type":"ListItem","position":1,"name":"In\u00edcio","item":"https:\/\/buzas.com.br\/"},{"@type":"ListItem","position":2,"name":"Buzas &#8211; Sobre a Empresa"}]},{"@type":"WebSite","@id":"https:\/\/buzas.com.br\/#website","url":"https:\/\/buzas.com.br\/","name":"Buzas","description":"Pioneira no Brasil em servi\u00e7o de corte de chapas a laser. Servi\u00e7os com qualidade ISO 9001:2000.","potentialAction":[{"@type":"SearchAction","target":{"@type":"EntryPoint","urlTemplate":"https:\/\/buzas.com.br\/?s={search_term_string}"},"query-input":{"@type":"PropertyValueSpecification","valueRequired":true,"valueName":"search_term_string"}}],"inLanguage":"en-US"}]}},"_links":{"self":[{"href":"https:\/\/buzas.com.br\/english\/wp-json\/wp\/v2\/pages\/124","targetHints":{"allow":["GET"]}}],"collection":[{"href":"https:\/\/buzas.com.br\/english\/wp-json\/wp\/v2\/pages"}],"about":[{"href":"https:\/\/buzas.com.br\/english\/wp-json\/wp\/v2\/types\/page"}],"author":[{"embeddable":true,"href":"https:\/\/buzas.com.br\/english\/wp-json\/wp\/v2\/users\/1"}],"replies":[{"embeddable":true,"href":"https:\/\/buzas.com.br\/english\/wp-json\/wp\/v2\/comments?post=124"}],"version-history":[{"count":77,"href":"https:\/\/buzas.com.br\/english\/wp-json\/wp\/v2\/pages\/124\/revisions"}],"predecessor-version":[{"id":5188,"href":"https:\/\/buzas.com.br\/english\/wp-json\/wp\/v2\/pages\/124\/revisions\/5188"}],"wp:attachment":[{"href":"https:\/\/buzas.com.br\/english\/wp-json\/wp\/v2\/media?parent=124"}],"curies":[{"name":"wp","href":"https:\/\/api.w.org\/{rel}","templated":true}]}}