{"id":134,"date":"2021-11-17T12:05:52","date_gmt":"2021-11-17T15:05:52","guid":{"rendered":"https:\/\/buzas.devfirma.com.br\/?page_id=134"},"modified":"2023-06-23T14:10:29","modified_gmt":"2023-06-23T17:10:29","slug":"sustentabilidade","status":"publish","type":"page","link":"https:\/\/buzas.com.br\/english\/sustentabilidade\/","title":{"rendered":"Buzas &#8211; Sustentabilidade"},"content":{"rendered":"<div data-elementor-type=\"wp-page\" data-elementor-id=\"134\" class=\"elementor elementor-134\" data-elementor-post-type=\"page\">\n\t\t\t\t\t\t<section class=\"elementor-section elementor-top-section elementor-element elementor-element-20e3869 elementor-section-boxed elementor-section-height-default elementor-section-height-default\" data-id=\"20e3869\" data-element_type=\"section\" data-settings=\"{&quot;background_background&quot;:&quot;classic&quot;}\">\n\t\t\t\t\t\t<div class=\"elementor-container elementor-column-gap-no\">\n\t\t\t\t\t<div class=\"elementor-column elementor-col-50 elementor-top-column elementor-element elementor-element-6793c2b\" data-id=\"6793c2b\" data-element_type=\"column\">\n\t\t\t<div class=\"elementor-widget-wrap elementor-element-populated\">\n\t\t\t\t\t\t<div class=\"elementor-element elementor-element-63efa55 elementor-widget elementor-widget-heading\" data-id=\"63efa55\" data-element_type=\"widget\" data-widget_type=\"heading.default\">\n\t\t\t\t<div class=\"elementor-widget-container\">\n\t\t\t\t\t<h1 class=\"elementor-heading-title elementor-size-default\">Sustainability<\/h1>\t\t\t\t<\/div>\n\t\t\t\t<\/div>\n\t\t\t\t<div class=\"elementor-element elementor-element-adbf84a elementor-widget elementor-widget-text-editor\" data-id=\"adbf84a\" data-element_type=\"widget\" data-widget_type=\"text-editor.default\">\n\t\t\t\t<div class=\"elementor-widget-container\">\n\t\t\t\t\t\t\t\t\t<p>it is the ability to meet the needs of the present without compromising future generations.<\/p>\t\t\t\t\t\t\t\t<\/div>\n\t\t\t\t<\/div>\n\t\t\t\t\t<\/div>\n\t\t<\/div>\n\t\t\t\t<div class=\"elementor-column elementor-col-50 elementor-top-column elementor-element elementor-element-351ae88\" data-id=\"351ae88\" data-element_type=\"column\">\n\t\t\t<div class=\"elementor-widget-wrap\">\n\t\t\t\t\t\t\t<\/div>\n\t\t<\/div>\n\t\t\t\t\t<\/div>\n\t\t<\/section>\n\t\t\t\t<section class=\"elementor-section elementor-top-section elementor-element elementor-element-bf80fa8 elementor-section-boxed elementor-section-height-default elementor-section-height-default\" data-id=\"bf80fa8\" data-element_type=\"section\">\n\t\t\t\t\t\t<div class=\"elementor-container elementor-column-gap-default\">\n\t\t\t\t\t<div class=\"elementor-column elementor-col-50 elementor-top-column elementor-element elementor-element-5bc887c\" data-id=\"5bc887c\" data-element_type=\"column\">\n\t\t\t<div class=\"elementor-widget-wrap elementor-element-populated\">\n\t\t\t\t\t\t<div class=\"elementor-element elementor-element-2240126 elementor-widget elementor-widget-text-editor\" data-id=\"2240126\" data-element_type=\"widget\" data-widget_type=\"text-editor.default\">\n\t\t\t\t<div class=\"elementor-widget-container\">\n\t\t\t\t\t\t\t\t\t<p>All these needs follow one main idea:<\/p>\t\t\t\t\t\t\t\t<\/div>\n\t\t\t\t<\/div>\n\t\t\t\t<div class=\"elementor-element elementor-element-2cda67a elementor-widget__width-initial elementor-widget elementor-widget-text-editor\" data-id=\"2cda67a\" data-element_type=\"widget\" data-widget_type=\"text-editor.default\">\n\t\t\t\t<div class=\"elementor-widget-container translation-block\">Sustainability is at the heart of our company, as we believe in sustainable development and preserving the planet for future generations.\n<br><br>\nOne of the pillars of this vision is our commitment to solar energy. <b>We are proudly one of the only companies that generates 100% of its own energy through this investment.<\/b> Using solar panels, we guarantee a clean and renewable source, contributing to the reduction of carbon emissions and conscious use of natural resources.\n<br><br>\nIn addition, we implement quality policies aimed at preventing pollution and improving the efficiency of resource reuse. We promote training and encourage changes in habits, making our employees and suppliers aware of the importance of preserving the environment.\n<br><br>\nWe constantly seek to reduce the consumption of energy, raw materials and water, as well as minimize waste and emissions into the air, water and soil.\n\nAt Buzas, sustainability is a commitment that drives our daily actions, ensuring a more sustainable future for everyone.<\/div>\n\t\t\t\t<\/div>\n\t\t\t\t\t<\/div>\n\t\t<\/div>\n\t\t\t\t<div class=\"elementor-column elementor-col-50 elementor-top-column elementor-element elementor-element-c6e096e\" data-id=\"c6e096e\" data-element_type=\"column\">\n\t\t\t<div class=\"elementor-widget-wrap elementor-element-populated\">\n\t\t\t\t\t\t<div class=\"elementor-element elementor-element-7ebbbe5 elementor-widget elementor-widget-image\" data-id=\"7ebbbe5\" data-element_type=\"widget\" data-widget_type=\"image.default\">\n\t\t\t\t<div class=\"elementor-widget-container\">\n\t\t\t\t\t\t\t\t\t\t\t\t\t\t\t<img fetchpriority=\"high\" decoding=\"async\" width=\"619\" height=\"458\" src=\"https:\/\/buzas.com.br\/wp-content\/uploads\/2021\/11\/foto-02.png\" class=\"attachment-large size-large wp-image-641\" alt=\"\" srcset=\"https:\/\/buzas.com.br\/wp-content\/uploads\/2021\/11\/foto-02.png 619w, https:\/\/buzas.com.br\/wp-content\/uploads\/2021\/11\/foto-02-300x222.png 300w\" sizes=\"(max-width: 619px) 100vw, 619px\" \/>\t\t\t\t\t\t\t\t\t\t\t\t\t\t\t<\/div>\n\t\t\t\t<\/div>\n\t\t\t\t\t<\/div>\n\t\t<\/div>\n\t\t\t\t\t<\/div>\n\t\t<\/section>\n\t\t\t\t<section class=\"elementor-section elementor-top-section elementor-element elementor-element-fcff7fb elementor-section-full_width elementor-section-height-default elementor-section-height-default\" data-id=\"fcff7fb\" data-element_type=\"section\">\n\t\t\t\t\t\t<div class=\"elementor-container elementor-column-gap-no\">\n\t\t\t\t\t<div class=\"elementor-column elementor-col-100 elementor-top-column elementor-element elementor-element-d72b323\" data-id=\"d72b323\" data-element_type=\"column\">\n\t\t\t<div class=\"elementor-widget-wrap elementor-element-populated\">\n\t\t\t\t\t\t<div class=\"elementor-element elementor-element-9758030 elementor-widget elementor-widget-image-gallery\" data-id=\"9758030\" data-element_type=\"widget\" data-widget_type=\"image-gallery.default\">\n\t\t\t\t<div class=\"elementor-widget-container\">\n\t\t\t\t\t\t\t<div class=\"elementor-image-gallery\">\n\t\t\t<div id='gallery-1' class='gallery galleryid-134 gallery-columns-5 gallery-size-full'><figure class='gallery-item'>\n\t\t\t<div class='gallery-icon landscape'>\n\t\t\t\t<a data-elementor-open-lightbox=\"yes\" data-elementor-lightbox-slideshow=\"9758030\" data-elementor-lightbox-title=\"WhatsApp Image 2023-05-04 at 09.07.38 (1)\" data-e-action-hash=\"#elementor-action%3Aaction%3Dlightbox%26settings%3DeyJpZCI6MzUxMywidXJsIjoiaHR0cHM6XC9cL2J1emFzLmNvbS5iclwvd3AtY29udGVudFwvdXBsb2Fkc1wvMjAyM1wvMDZcL1doYXRzQXBwLUltYWdlLTIwMjMtMDUtMDQtYXQtMDkuMDcuMzgtMS5qcGVnIiwic2xpZGVzaG93IjoiOTc1ODAzMCJ9\" href='https:\/\/buzas.com.br\/wp-content\/uploads\/2023\/06\/WhatsApp-Image-2023-05-04-at-09.07.38-1.jpeg'><img decoding=\"async\" width=\"960\" height=\"720\" src=\"https:\/\/buzas.com.br\/wp-content\/uploads\/2023\/06\/WhatsApp-Image-2023-05-04-at-09.07.38-1.jpeg\" class=\"attachment-full size-full\" alt=\"\" srcset=\"https:\/\/buzas.com.br\/wp-content\/uploads\/2023\/06\/WhatsApp-Image-2023-05-04-at-09.07.38-1.jpeg 960w, https:\/\/buzas.com.br\/wp-content\/uploads\/2023\/06\/WhatsApp-Image-2023-05-04-at-09.07.38-1-300x225.jpeg 300w, https:\/\/buzas.com.br\/wp-content\/uploads\/2023\/06\/WhatsApp-Image-2023-05-04-at-09.07.38-1-768x576.jpeg 768w\" sizes=\"(max-width: 960px) 100vw, 960px\" \/><\/a>\n\t\t\t<\/div><\/figure><figure class='gallery-item'>\n\t\t\t<div class='gallery-icon landscape'>\n\t\t\t\t<a data-elementor-open-lightbox=\"yes\" data-elementor-lightbox-slideshow=\"9758030\" data-elementor-lightbox-title=\"3041c427-a761-4393-8b56-18a6d0d97603\" data-e-action-hash=\"#elementor-action%3Aaction%3Dlightbox%26settings%3DeyJpZCI6MzUwOSwidXJsIjoiaHR0cHM6XC9cL2J1emFzLmNvbS5iclwvd3AtY29udGVudFwvdXBsb2Fkc1wvMjAyM1wvMDZcLzMwNDFjNDI3LWE3NjEtNDM5My04YjU2LTE4YTZkMGQ5NzYwMy5qcGciLCJzbGlkZXNob3ciOiI5NzU4MDMwIn0%3D\" href='https:\/\/buzas.com.br\/wp-content\/uploads\/2023\/06\/3041c427-a761-4393-8b56-18a6d0d97603.jpg'><img decoding=\"async\" width=\"1024\" height=\"768\" src=\"https:\/\/buzas.com.br\/wp-content\/uploads\/2023\/06\/3041c427-a761-4393-8b56-18a6d0d97603.jpg\" class=\"attachment-full size-full\" alt=\"\" srcset=\"https:\/\/buzas.com.br\/wp-content\/uploads\/2023\/06\/3041c427-a761-4393-8b56-18a6d0d97603.jpg 1024w, https:\/\/buzas.com.br\/wp-content\/uploads\/2023\/06\/3041c427-a761-4393-8b56-18a6d0d97603-300x225.jpg 300w, https:\/\/buzas.com.br\/wp-content\/uploads\/2023\/06\/3041c427-a761-4393-8b56-18a6d0d97603-768x576.jpg 768w\" sizes=\"(max-width: 1024px) 100vw, 1024px\" \/><\/a>\n\t\t\t<\/div><\/figure><figure class='gallery-item'>\n\t\t\t<div class='gallery-icon landscape'>\n\t\t\t\t<a data-elementor-open-lightbox=\"yes\" data-elementor-lightbox-slideshow=\"9758030\" data-elementor-lightbox-title=\"WhatsApp Image 2023-05-04 at 09.07.38\" data-e-action-hash=\"#elementor-action%3Aaction%3Dlightbox%26settings%3DeyJpZCI6MzUxMCwidXJsIjoiaHR0cHM6XC9cL2J1emFzLmNvbS5iclwvd3AtY29udGVudFwvdXBsb2Fkc1wvMjAyM1wvMDZcL1doYXRzQXBwLUltYWdlLTIwMjMtMDUtMDQtYXQtMDkuMDcuMzguanBlZyIsInNsaWRlc2hvdyI6Ijk3NTgwMzAifQ%3D%3D\" href='https:\/\/buzas.com.br\/wp-content\/uploads\/2023\/06\/WhatsApp-Image-2023-05-04-at-09.07.38.jpeg'><img loading=\"lazy\" decoding=\"async\" width=\"960\" height=\"720\" src=\"https:\/\/buzas.com.br\/wp-content\/uploads\/2023\/06\/WhatsApp-Image-2023-05-04-at-09.07.38.jpeg\" class=\"attachment-full size-full\" alt=\"\" srcset=\"https:\/\/buzas.com.br\/wp-content\/uploads\/2023\/06\/WhatsApp-Image-2023-05-04-at-09.07.38.jpeg 960w, https:\/\/buzas.com.br\/wp-content\/uploads\/2023\/06\/WhatsApp-Image-2023-05-04-at-09.07.38-300x225.jpeg 300w, https:\/\/buzas.com.br\/wp-content\/uploads\/2023\/06\/WhatsApp-Image-2023-05-04-at-09.07.38-768x576.jpeg 768w\" sizes=\"(max-width: 960px) 100vw, 960px\" \/><\/a>\n\t\t\t<\/div><\/figure><figure class='gallery-item'>\n\t\t\t<div class='gallery-icon landscape'>\n\t\t\t\t<a data-elementor-open-lightbox=\"yes\" data-elementor-lightbox-slideshow=\"9758030\" data-elementor-lightbox-title=\"aa9de9c7-44ee-41c3-8f8f-e58b2427aed0\" data-e-action-hash=\"#elementor-action%3Aaction%3Dlightbox%26settings%3DeyJpZCI6MzUxMiwidXJsIjoiaHR0cHM6XC9cL2J1emFzLmNvbS5iclwvd3AtY29udGVudFwvdXBsb2Fkc1wvMjAyM1wvMDZcL2FhOWRlOWM3LTQ0ZWUtNDFjMy04ZjhmLWU1OGIyNDI3YWVkMC5qcGciLCJzbGlkZXNob3ciOiI5NzU4MDMwIn0%3D\" href='https:\/\/buzas.com.br\/wp-content\/uploads\/2023\/06\/aa9de9c7-44ee-41c3-8f8f-e58b2427aed0.jpg'><img loading=\"lazy\" decoding=\"async\" width=\"1024\" height=\"768\" src=\"https:\/\/buzas.com.br\/wp-content\/uploads\/2023\/06\/aa9de9c7-44ee-41c3-8f8f-e58b2427aed0.jpg\" class=\"attachment-full size-full\" alt=\"\" srcset=\"https:\/\/buzas.com.br\/wp-content\/uploads\/2023\/06\/aa9de9c7-44ee-41c3-8f8f-e58b2427aed0.jpg 1024w, https:\/\/buzas.com.br\/wp-content\/uploads\/2023\/06\/aa9de9c7-44ee-41c3-8f8f-e58b2427aed0-300x225.jpg 300w, https:\/\/buzas.com.br\/wp-content\/uploads\/2023\/06\/aa9de9c7-44ee-41c3-8f8f-e58b2427aed0-768x576.jpg 768w\" sizes=\"(max-width: 1024px) 100vw, 1024px\" \/><\/a>\n\t\t\t<\/div><\/figure><figure class='gallery-item'>\n\t\t\t<div class='gallery-icon landscape'>\n\t\t\t\t<a data-elementor-open-lightbox=\"yes\" data-elementor-lightbox-slideshow=\"9758030\" data-elementor-lightbox-title=\"a0b88010-0496-4c3a-bf28-3b69cd28aaac\" data-e-action-hash=\"#elementor-action%3Aaction%3Dlightbox%26settings%3DeyJpZCI6MzUxMSwidXJsIjoiaHR0cHM6XC9cL2J1emFzLmNvbS5iclwvd3AtY29udGVudFwvdXBsb2Fkc1wvMjAyM1wvMDZcL2EwYjg4MDEwLTA0OTYtNGMzYS1iZjI4LTNiNjljZDI4YWFhYy5qcGciLCJzbGlkZXNob3ciOiI5NzU4MDMwIn0%3D\" href='https:\/\/buzas.com.br\/wp-content\/uploads\/2023\/06\/a0b88010-0496-4c3a-bf28-3b69cd28aaac.jpg'><img loading=\"lazy\" decoding=\"async\" width=\"960\" height=\"720\" src=\"https:\/\/buzas.com.br\/wp-content\/uploads\/2023\/06\/a0b88010-0496-4c3a-bf28-3b69cd28aaac.jpg\" class=\"attachment-full size-full\" alt=\"\" srcset=\"https:\/\/buzas.com.br\/wp-content\/uploads\/2023\/06\/a0b88010-0496-4c3a-bf28-3b69cd28aaac.jpg 960w, https:\/\/buzas.com.br\/wp-content\/uploads\/2023\/06\/a0b88010-0496-4c3a-bf28-3b69cd28aaac-300x225.jpg 300w, https:\/\/buzas.com.br\/wp-content\/uploads\/2023\/06\/a0b88010-0496-4c3a-bf28-3b69cd28aaac-768x576.jpg 768w\" sizes=\"(max-width: 960px) 100vw, 960px\" \/><\/a>\n\t\t\t<\/div><\/figure>\n\t\t<\/div>\n\t\t<\/div>\n\t\t\t\t\t\t<\/div>\n\t\t\t\t<\/div>\n\t\t\t\t\t<\/div>\n\t\t<\/div>\n\t\t\t\t\t<\/div>\n\t\t<\/section>\n\t\t\t\t<\/div>","protected":false},"excerpt":{"rendered":"<p>Sustentabilidade \u00e9 a capacidade de cumprir com as necessidades do presente sem comprometer as gera\u00e7\u00f5es futuras. Todas essas necessidades seguem uma ideia principal: A sustentabilidade est\u00e1 no cerne de nossa empresa, pois acreditamos no desenvolvimento sustent\u00e1vel e na preserva\u00e7\u00e3o do planeta para as gera\u00e7\u00f5es futuras. Um dos pilares dessa vis\u00e3o \u00e9 nosso compromisso com a [&hellip;]<\/p>","protected":false},"author":1,"featured_media":0,"parent":0,"menu_order":0,"comment_status":"closed","ping_status":"closed","template":"elementor_header_footer","meta":{"footnotes":""},"class_list":["post-134","page","type-page","status-publish","hentry"],"yoast_head":"<!-- This site is optimized with the Yoast SEO plugin v26.1.1 - https:\/\/yoast.com\/wordpress\/plugins\/seo\/ -->\n<title>Buzas - Sustentabilidade - Buzas<\/title>\n<meta name=\"robots\" content=\"index, follow, max-snippet:-1, max-image-preview:large, max-video-preview:-1\" \/>\n<link rel=\"canonical\" href=\"https:\/\/buzas.com.br\/english\/sustentabilidade\/\" \/>\n<meta property=\"og:locale\" content=\"en_US\" \/>\n<meta property=\"og:type\" content=\"article\" \/>\n<meta property=\"og:title\" content=\"Buzas - Sustentabilidade - Buzas\" \/>\n<meta property=\"og:description\" content=\"Sustentabilidade \u00e9 a capacidade de cumprir com as necessidades do presente sem comprometer as gera\u00e7\u00f5es futuras. Todas essas necessidades seguem uma ideia principal: A sustentabilidade est\u00e1 no cerne de nossa empresa, pois acreditamos no desenvolvimento sustent\u00e1vel e na preserva\u00e7\u00e3o do planeta para as gera\u00e7\u00f5es futuras. Um dos pilares dessa vis\u00e3o \u00e9 nosso compromisso com a [&hellip;]\" \/>\n<meta property=\"og:url\" content=\"https:\/\/buzas.com.br\/english\/sustentabilidade\/\" \/>\n<meta property=\"og:site_name\" content=\"Buzas\" \/>\n<meta property=\"article:modified_time\" content=\"2023-06-23T17:10:29+00:00\" \/>\n<meta property=\"og:image\" content=\"http:\/\/buzas.com.br\/wp-content\/uploads\/2021\/11\/foto-02.png\" \/>\n<meta name=\"twitter:card\" content=\"summary_large_image\" \/>\n<meta name=\"twitter:label1\" content=\"Est. reading time\" \/>\n\t<meta name=\"twitter:data1\" content=\"1 minute\" \/>\n<script type=\"application\/ld+json\" class=\"yoast-schema-graph\">{\"@context\":\"https:\/\/schema.org\",\"@graph\":[{\"@type\":\"WebPage\",\"@id\":\"https:\/\/buzas.com.br\/sustentabilidade\/\",\"url\":\"https:\/\/buzas.com.br\/sustentabilidade\/\",\"name\":\"Buzas - Sustentabilidade - Buzas\",\"isPartOf\":{\"@id\":\"https:\/\/buzas.com.br\/#website\"},\"primaryImageOfPage\":{\"@id\":\"https:\/\/buzas.com.br\/sustentabilidade\/#primaryimage\"},\"image\":{\"@id\":\"https:\/\/buzas.com.br\/sustentabilidade\/#primaryimage\"},\"thumbnailUrl\":\"http:\/\/buzas.com.br\/wp-content\/uploads\/2021\/11\/foto-02.png\",\"datePublished\":\"2021-11-17T15:05:52+00:00\",\"dateModified\":\"2023-06-23T17:10:29+00:00\",\"breadcrumb\":{\"@id\":\"https:\/\/buzas.com.br\/sustentabilidade\/#breadcrumb\"},\"inLanguage\":\"en-US\",\"potentialAction\":[{\"@type\":\"ReadAction\",\"target\":[\"https:\/\/buzas.com.br\/sustentabilidade\/\"]}]},{\"@type\":\"ImageObject\",\"inLanguage\":\"en-US\",\"@id\":\"https:\/\/buzas.com.br\/sustentabilidade\/#primaryimage\",\"url\":\"http:\/\/buzas.com.br\/wp-content\/uploads\/2021\/11\/foto-02.png\",\"contentUrl\":\"http:\/\/buzas.com.br\/wp-content\/uploads\/2021\/11\/foto-02.png\"},{\"@type\":\"BreadcrumbList\",\"@id\":\"https:\/\/buzas.com.br\/sustentabilidade\/#breadcrumb\",\"itemListElement\":[{\"@type\":\"ListItem\",\"position\":1,\"name\":\"In\u00edcio\",\"item\":\"https:\/\/buzas.com.br\/\"},{\"@type\":\"ListItem\",\"position\":2,\"name\":\"Buzas &#8211; Sustentabilidade\"}]},{\"@type\":\"WebSite\",\"@id\":\"https:\/\/buzas.com.br\/#website\",\"url\":\"https:\/\/buzas.com.br\/\",\"name\":\"Buzas\",\"description\":\"Pioneira no Brasil em servi\u00e7o de corte de chapas a laser. Servi\u00e7os com qualidade ISO 9001:2000.\",\"potentialAction\":[{\"@type\":\"SearchAction\",\"target\":{\"@type\":\"EntryPoint\",\"urlTemplate\":\"https:\/\/buzas.com.br\/?s={search_term_string}\"},\"query-input\":{\"@type\":\"PropertyValueSpecification\",\"valueRequired\":true,\"valueName\":\"search_term_string\"}}],\"inLanguage\":\"en-US\"}]}<\/script>\n<!-- \/ Yoast SEO plugin. -->","yoast_head_json":{"title":"Buzas - Sustentabilidade - Buzas","robots":{"index":"index","follow":"follow","max-snippet":"max-snippet:-1","max-image-preview":"max-image-preview:large","max-video-preview":"max-video-preview:-1"},"canonical":"https:\/\/buzas.com.br\/english\/sustentabilidade\/","og_locale":"en_US","og_type":"article","og_title":"Buzas - Sustentabilidade - Buzas","og_description":"Sustentabilidade \u00e9 a capacidade de cumprir com as necessidades do presente sem comprometer as gera\u00e7\u00f5es futuras. Todas essas necessidades seguem uma ideia principal: A sustentabilidade est\u00e1 no cerne de nossa empresa, pois acreditamos no desenvolvimento sustent\u00e1vel e na preserva\u00e7\u00e3o do planeta para as gera\u00e7\u00f5es futuras. Um dos pilares dessa vis\u00e3o \u00e9 nosso compromisso com a [&hellip;]","og_url":"https:\/\/buzas.com.br\/english\/sustentabilidade\/","og_site_name":"Buzas","article_modified_time":"2023-06-23T17:10:29+00:00","og_image":[{"url":"http:\/\/buzas.com.br\/wp-content\/uploads\/2021\/11\/foto-02.png","type":"","width":"","height":""}],"twitter_card":"summary_large_image","twitter_misc":{"Est. reading time":"1 minute"},"schema":{"@context":"https:\/\/schema.org","@graph":[{"@type":"WebPage","@id":"https:\/\/buzas.com.br\/sustentabilidade\/","url":"https:\/\/buzas.com.br\/sustentabilidade\/","name":"Buzas - Sustentabilidade - Buzas","isPartOf":{"@id":"https:\/\/buzas.com.br\/#website"},"primaryImageOfPage":{"@id":"https:\/\/buzas.com.br\/sustentabilidade\/#primaryimage"},"image":{"@id":"https:\/\/buzas.com.br\/sustentabilidade\/#primaryimage"},"thumbnailUrl":"http:\/\/buzas.com.br\/wp-content\/uploads\/2021\/11\/foto-02.png","datePublished":"2021-11-17T15:05:52+00:00","dateModified":"2023-06-23T17:10:29+00:00","breadcrumb":{"@id":"https:\/\/buzas.com.br\/sustentabilidade\/#breadcrumb"},"inLanguage":"en-US","potentialAction":[{"@type":"ReadAction","target":["https:\/\/buzas.com.br\/sustentabilidade\/"]}]},{"@type":"ImageObject","inLanguage":"en-US","@id":"https:\/\/buzas.com.br\/sustentabilidade\/#primaryimage","url":"http:\/\/buzas.com.br\/wp-content\/uploads\/2021\/11\/foto-02.png","contentUrl":"http:\/\/buzas.com.br\/wp-content\/uploads\/2021\/11\/foto-02.png"},{"@type":"BreadcrumbList","@id":"https:\/\/buzas.com.br\/sustentabilidade\/#breadcrumb","itemListElement":[{"@type":"ListItem","position":1,"name":"In\u00edcio","item":"https:\/\/buzas.com.br\/"},{"@type":"ListItem","position":2,"name":"Buzas &#8211; Sustentabilidade"}]},{"@type":"WebSite","@id":"https:\/\/buzas.com.br\/#website","url":"https:\/\/buzas.com.br\/","name":"Buzas","description":"Pioneira no Brasil em servi\u00e7o de corte de chapas a laser. Servi\u00e7os com qualidade ISO 9001:2000.","potentialAction":[{"@type":"SearchAction","target":{"@type":"EntryPoint","urlTemplate":"https:\/\/buzas.com.br\/?s={search_term_string}"},"query-input":{"@type":"PropertyValueSpecification","valueRequired":true,"valueName":"search_term_string"}}],"inLanguage":"en-US"}]}},"_links":{"self":[{"href":"https:\/\/buzas.com.br\/english\/wp-json\/wp\/v2\/pages\/134","targetHints":{"allow":["GET"]}}],"collection":[{"href":"https:\/\/buzas.com.br\/english\/wp-json\/wp\/v2\/pages"}],"about":[{"href":"https:\/\/buzas.com.br\/english\/wp-json\/wp\/v2\/types\/page"}],"author":[{"embeddable":true,"href":"https:\/\/buzas.com.br\/english\/wp-json\/wp\/v2\/users\/1"}],"replies":[{"embeddable":true,"href":"https:\/\/buzas.com.br\/english\/wp-json\/wp\/v2\/comments?post=134"}],"version-history":[{"count":56,"href":"https:\/\/buzas.com.br\/english\/wp-json\/wp\/v2\/pages\/134\/revisions"}],"predecessor-version":[{"id":3520,"href":"https:\/\/buzas.com.br\/english\/wp-json\/wp\/v2\/pages\/134\/revisions\/3520"}],"wp:attachment":[{"href":"https:\/\/buzas.com.br\/english\/wp-json\/wp\/v2\/media?parent=134"}],"curies":[{"name":"wp","href":"https:\/\/api.w.org\/{rel}","templated":true}]}}