{"id":14,"date":"2021-11-16T14:06:19","date_gmt":"2021-11-16T17:06:19","guid":{"rendered":"https:\/\/buzas.devfirma.com.br\/?page_id=14"},"modified":"2025-10-13T16:47:03","modified_gmt":"2025-10-13T19:47:03","slug":"buzas","status":"publish","type":"page","link":"https:\/\/buzas.com.br\/english\/","title":{"rendered":"Buzas"},"content":{"rendered":"<div data-elementor-type=\"wp-page\" data-elementor-id=\"14\" class=\"elementor elementor-14\" data-elementor-post-type=\"page\">\n\t\t\t\t\t\t<section class=\"elementor-section elementor-top-section elementor-element elementor-element-70902e9 elementor-section-boxed elementor-section-height-default elementor-section-height-default\" data-id=\"70902e9\" data-element_type=\"section\" data-settings=\"{&quot;background_background&quot;:&quot;classic&quot;}\">\n\t\t\t\t\t\t<div class=\"elementor-container elementor-column-gap-default\">\n\t\t\t\t\t<div class=\"elementor-column elementor-col-50 elementor-top-column elementor-element elementor-element-709c025\" data-id=\"709c025\" data-element_type=\"column\">\n\t\t\t<div class=\"elementor-widget-wrap elementor-element-populated\">\n\t\t\t\t\t\t<div class=\"elementor-element elementor-element-6248d7b elementor-widget elementor-widget-heading\" data-id=\"6248d7b\" data-element_type=\"widget\" data-widget_type=\"heading.default\">\n\t\t\t\t<div class=\"elementor-widget-container\">\n\t\t\t\t\t<h1 class=\"elementor-heading-title elementor-size-default\">Boiler Shop Solutions<\/h1>\t\t\t\t<\/div>\n\t\t\t\t<\/div>\n\t\t\t\t<div class=\"elementor-element elementor-element-5beea5c elementor-widget elementor-widget-text-editor\" data-id=\"5beea5c\" data-element_type=\"widget\" data-widget_type=\"text-editor.default\">\n\t\t\t\t<div class=\"elementor-widget-container\">\n\t\t\t\t\t\t\t\t\t<p>Technology and Experience Combined<br \/>Fully Integrated<\/p>\t\t\t\t\t\t\t\t<\/div>\n\t\t\t\t<\/div>\n\t\t\t\t<div class=\"elementor-element elementor-element-9b0424b elementor-widget-divider--view-line elementor-widget elementor-widget-divider\" data-id=\"9b0424b\" data-element_type=\"widget\" data-widget_type=\"divider.default\">\n\t\t\t\t<div class=\"elementor-widget-container\">\n\t\t\t\t\t\t\t<div class=\"elementor-divider\">\n\t\t\t<span class=\"elementor-divider-separator\">\n\t\t\t\t\t\t<\/span>\n\t\t<\/div>\n\t\t\t\t\t\t<\/div>\n\t\t\t\t<\/div>\n\t\t\t\t\t<\/div>\n\t\t<\/div>\n\t\t\t\t<div class=\"elementor-column elementor-col-50 elementor-top-column elementor-element elementor-element-6f4356d\" data-id=\"6f4356d\" data-element_type=\"column\">\n\t\t\t<div class=\"elementor-widget-wrap\">\n\t\t\t\t\t\t\t<\/div>\n\t\t<\/div>\n\t\t\t\t\t<\/div>\n\t\t<\/section>\n\t\t\t\t<section class=\"elementor-section elementor-top-section elementor-element elementor-element-aac874a elementor-section-boxed elementor-section-height-default elementor-section-height-default\" data-id=\"aac874a\" data-element_type=\"section\">\n\t\t\t\t\t\t<div class=\"elementor-container elementor-column-gap-default\">\n\t\t\t\t\t<div class=\"elementor-column elementor-col-50 elementor-top-column elementor-element elementor-element-0f3cd4b\" data-id=\"0f3cd4b\" data-element_type=\"column\">\n\t\t\t<div class=\"elementor-widget-wrap elementor-element-populated\">\n\t\t\t\t\t\t<div class=\"elementor-element elementor-element-e1a892f elementor-widget__width-initial elementor-widget elementor-widget-image\" data-id=\"e1a892f\" data-element_type=\"widget\" data-widget_type=\"image.default\">\n\t\t\t\t<div class=\"elementor-widget-container\">\n\t\t\t\t\t\t\t\t\t\t\t\t\t\t\t<img fetchpriority=\"high\" decoding=\"async\" width=\"241\" height=\"298\" src=\"https:\/\/buzas.com.br\/wp-content\/uploads\/2023\/06\/imagem02.png\" class=\"attachment-large size-large wp-image-3524\" alt=\"\" \/>\t\t\t\t\t\t\t\t\t\t\t\t\t\t\t<\/div>\n\t\t\t\t<\/div>\n\t\t\t\t\t<\/div>\n\t\t<\/div>\n\t\t\t\t<div class=\"elementor-column elementor-col-50 elementor-top-column elementor-element elementor-element-5ad9ade\" data-id=\"5ad9ade\" data-element_type=\"column\">\n\t\t\t<div class=\"elementor-widget-wrap elementor-element-populated\">\n\t\t\t\t\t\t<div class=\"elementor-element elementor-element-0c6d2c9 elementor-vertical-align-bottom elementor-widget elementor-widget-image-box\" data-id=\"0c6d2c9\" data-element_type=\"widget\" data-widget_type=\"image-box.default\">\n\t\t\t\t<div class=\"elementor-widget-container\">\n\t\t\t\t\t<div class=\"elementor-image-box-wrapper\"><div class=\"elementor-image-box-content\"><h3 class=\"elementor-image-box-title\">Complete solutions for your engineering project<\/h3><p class=\"elementor-image-box-description\">Buzas transforms complex projects into quality products. <\/p><\/div><\/div>\t\t\t\t<\/div>\n\t\t\t\t<\/div>\n\t\t\t\t<div class=\"elementor-element elementor-element-c6ba577 elementor-align-justify elementor-mobile-align-justify elementor-widget elementor-widget-button\" data-id=\"c6ba577\" data-element_type=\"widget\" data-widget_type=\"button.default\">\n\t\t\t\t<div class=\"elementor-widget-container\">\n\t\t\t\t\t\t\t\t\t<div class=\"elementor-button-wrapper\">\n\t\t\t\t\t<a class=\"elementor-button elementor-button-link elementor-size-lg\" href=\"https:\/\/buzas.com.br\/english\/servicos\/\">\n\t\t\t\t\t\t<span class=\"elementor-button-content-wrapper\">\n\t\t\t\t\t\t<span class=\"elementor-button-icon\">\n\t\t\t\t<i aria-hidden=\"true\" class=\"far fa-hand-pointer\"><\/i>\t\t\t<\/span>\n\t\t\t\t\t\t\t\t\t<span class=\"elementor-button-text\">CLICK <b>HERE<\/b> TO ACCESS THE <b>SERVICES SECTION <\/b><\/span>\n\t\t\t\t\t<\/span>\n\t\t\t\t\t<\/a>\n\t\t\t\t<\/div>\n\t\t\t\t\t\t\t\t<\/div>\n\t\t\t\t<\/div>\n\t\t\t\t\t<\/div>\n\t\t<\/div>\n\t\t\t\t\t<\/div>\n\t\t<\/section>\n\t\t\t\t<section class=\"elementor-section elementor-top-section elementor-element elementor-element-daa86d8 elementor-section-boxed elementor-section-height-default elementor-section-height-default\" data-id=\"daa86d8\" data-element_type=\"section\">\n\t\t\t\t\t\t<div class=\"elementor-container elementor-column-gap-default\">\n\t\t\t\t\t<div class=\"elementor-column elementor-col-50 elementor-top-column elementor-element elementor-element-d332f6c\" data-id=\"d332f6c\" data-element_type=\"column\">\n\t\t\t<div class=\"elementor-widget-wrap elementor-element-populated\">\n\t\t\t\t\t\t<div class=\"elementor-element elementor-element-d7b0719 elementor-widget elementor-widget-image\" data-id=\"d7b0719\" data-element_type=\"widget\" data-widget_type=\"image.default\">\n\t\t\t\t<div class=\"elementor-widget-container\">\n\t\t\t\t\t\t\t\t\t\t\t\t\t\t\t<img decoding=\"async\" width=\"688\" height=\"1024\" src=\"https:\/\/buzas.com.br\/wp-content\/uploads\/2025\/02\/WhatsApp-Image-2025-01-23-at-13.27.51.jpeg\" class=\"attachment-large size-large wp-image-5155\" alt=\"\" srcset=\"https:\/\/buzas.com.br\/wp-content\/uploads\/2025\/02\/WhatsApp-Image-2025-01-23-at-13.27.51.jpeg 688w, https:\/\/buzas.com.br\/wp-content\/uploads\/2025\/02\/WhatsApp-Image-2025-01-23-at-13.27.51-202x300.jpeg 202w, https:\/\/buzas.com.br\/wp-content\/uploads\/2025\/02\/WhatsApp-Image-2025-01-23-at-13.27.51-8x12.jpeg 8w\" sizes=\"(max-width: 688px) 100vw, 688px\" \/>\t\t\t\t\t\t\t\t\t\t\t\t\t\t\t<\/div>\n\t\t\t\t<\/div>\n\t\t\t\t\t<\/div>\n\t\t<\/div>\n\t\t\t\t<div class=\"elementor-column elementor-col-50 elementor-top-column elementor-element elementor-element-f6c7952\" data-id=\"f6c7952\" data-element_type=\"column\">\n\t\t\t<div class=\"elementor-widget-wrap elementor-element-populated\">\n\t\t\t\t\t\t<div class=\"elementor-element elementor-element-2786498 elementor-widget elementor-widget-text-editor\" data-id=\"2786498\" data-element_type=\"widget\" data-widget_type=\"text-editor.default\">\n\t\t\t\t<div class=\"elementor-widget-container\">\n\t\t\t\t\t\t\t\t\t30 years\n\t\t\t\t\t\t\t\t<\/div>\n\t\t\t\t<\/div>\n\t\t\t\t<div class=\"elementor-element elementor-element-30620c9 elementor-widget elementor-widget-text-editor\" data-id=\"30620c9\" data-element_type=\"widget\" data-widget_type=\"text-editor.default\">\n\t\t\t\t<div class=\"elementor-widget-container\">\n\t\t\t\t\t\t\t\t\t<p>Buzas celebrates 30 years of history, marked by overcoming, resilience and innovation. Throughout this period, the company faced several challenges, from technological evolution to changes in the economic scenario, but it always adapted and reinvented itself.<\/p><p>With a vision focused on the future, Buzas invested in technological innovation, development and created complete solutions for its customers. This successful trajectory has allowed the company to gain the trust of its customers, creating jobs and contributing to the development of the community and the country.<\/p><p>Looking to the future with optimism, Buzas Laser continues to evolve, seeking new opportunities for growth and innovation. Over the next 30 years, the company will maintain its commitment to offering the best solutions to customers, improving products and processes with a committed and qualified team always seeking improvement by generating new ideas, thus boosting business development and contributing to the construction of a prosperous future.<\/p>\t\t\t\t\t\t\t\t<\/div>\n\t\t\t\t<\/div>\n\t\t\t\t\t<\/div>\n\t\t<\/div>\n\t\t\t\t\t<\/div>\n\t\t<\/section>\n\t\t\t\t<section class=\"elementor-section elementor-top-section elementor-element elementor-element-b56dd16 elementor-section-boxed elementor-section-height-default elementor-section-height-default\" data-id=\"b56dd16\" data-element_type=\"section\">\n\t\t\t\t\t\t<div class=\"elementor-container elementor-column-gap-default\">\n\t\t\t\t\t<div class=\"elementor-column elementor-col-100 elementor-top-column elementor-element elementor-element-dde9ee4\" data-id=\"dde9ee4\" data-element_type=\"column\">\n\t\t\t<div class=\"elementor-widget-wrap elementor-element-populated\">\n\t\t\t\t\t\t<div class=\"elementor-element elementor-element-66ba1fc elementor-widget elementor-widget-html\" data-id=\"66ba1fc\" data-element_type=\"widget\" data-widget_type=\"html.default\">\n\t\t\t\t<div class=\"elementor-widget-container\">\n\t\t\t\t\t<iframe src='https:\/\/widgets.sociablekit.com\/linkedin-page-posts\/iframe\/25454529' frameborder='0' width='100%' height='1000'><\/iframe>\t\t\t\t<\/div>\n\t\t\t\t<\/div>\n\t\t\t\t\t<\/div>\n\t\t<\/div>\n\t\t\t\t\t<\/div>\n\t\t<\/section>\n\t\t\t\t<\/div>","protected":false},"excerpt":{"rendered":"<p>Solu\u00e7\u00f5es em Caldeiraria Tecnologia &amp; Experi\u00eancia100% Integrados Solu\u00e7\u00f5es completas para seu projeto de engenharia a Buzas transforma projetos complexos em produtos de qualidade clique AQUI para acessar a se\u00e7\u00e3o SERVI\u00c7OS 30 anos A Buzas comemora 30 anos de hist\u00f3ria, marcados por supera\u00e7\u00e3o, resili\u00eancia e inova\u00e7\u00e3o. Ao longo desse per\u00edodo, a empresa enfrentou diversos desafios, desde [&hellip;]<\/p>","protected":false},"author":1,"featured_media":0,"parent":0,"menu_order":0,"comment_status":"closed","ping_status":"closed","template":"elementor_header_footer","meta":{"footnotes":""},"class_list":["post-14","page","type-page","status-publish","hentry"],"yoast_head":"<!-- This site is optimized with the Yoast SEO plugin v26.1.1 - https:\/\/yoast.com\/wordpress\/plugins\/seo\/ -->\n<title>Buzas Laser Service | Pioneira no Brasil em servi\u00e7o de corte...<\/title>\n<meta name=\"description\" content=\"Pioneira no Brasil em servi\u00e7o de corte de chapas a laser. Servi\u00e7os com qualidade ISO 9001:2000.\" \/>\n<meta name=\"robots\" content=\"index, follow, max-snippet:-1, max-image-preview:large, max-video-preview:-1\" \/>\n<link rel=\"canonical\" href=\"https:\/\/buzas.com.br\/english\/\" \/>\n<meta property=\"og:locale\" content=\"en_US\" \/>\n<meta property=\"og:type\" content=\"article\" \/>\n<meta property=\"og:title\" content=\"Buzas Laser Service | Pioneira no Brasil em servi\u00e7o de corte...\" \/>\n<meta property=\"og:description\" content=\"Pioneira no Brasil em servi\u00e7o de corte de chapas a laser. Servi\u00e7os com qualidade ISO 9001:2000.\" \/>\n<meta property=\"og:url\" content=\"https:\/\/buzas.com.br\/english\/\" \/>\n<meta property=\"og:site_name\" content=\"Buzas\" \/>\n<meta property=\"article:modified_time\" content=\"2025-10-13T19:47:03+00:00\" \/>\n<meta property=\"og:image\" content=\"https:\/\/buzas.com.br\/wp-content\/uploads\/2023\/06\/imagem02.png\" \/>\n\t<meta property=\"og:image:width\" content=\"241\" \/>\n\t<meta property=\"og:image:height\" content=\"298\" \/>\n\t<meta property=\"og:image:type\" content=\"image\/png\" \/>\n<meta name=\"twitter:card\" content=\"summary_large_image\" \/>\n<meta name=\"twitter:label1\" content=\"Est. reading time\" \/>\n\t<meta name=\"twitter:data1\" content=\"2 minutes\" \/>\n<script type=\"application\/ld+json\" class=\"yoast-schema-graph\">{\"@context\":\"https:\/\/schema.org\",\"@graph\":[{\"@type\":\"WebPage\",\"@id\":\"https:\/\/buzas.com.br\/\",\"url\":\"https:\/\/buzas.com.br\/\",\"name\":\"Buzas Laser Service | Pioneira no Brasil em servi\u00e7o de corte...\",\"isPartOf\":{\"@id\":\"https:\/\/buzas.com.br\/#website\"},\"primaryImageOfPage\":{\"@id\":\"https:\/\/buzas.com.br\/#primaryimage\"},\"image\":{\"@id\":\"https:\/\/buzas.com.br\/#primaryimage\"},\"thumbnailUrl\":\"http:\/\/buzas.com.br\/wp-content\/uploads\/2023\/06\/imagem02.png\",\"datePublished\":\"2021-11-16T17:06:19+00:00\",\"dateModified\":\"2025-10-13T19:47:03+00:00\",\"description\":\"Pioneira no Brasil em servi\u00e7o de corte de chapas a laser. Servi\u00e7os com qualidade ISO 9001:2000.\",\"breadcrumb\":{\"@id\":\"https:\/\/buzas.com.br\/#breadcrumb\"},\"inLanguage\":\"en-US\",\"potentialAction\":[{\"@type\":\"ReadAction\",\"target\":[\"https:\/\/buzas.com.br\/\"]}]},{\"@type\":\"ImageObject\",\"inLanguage\":\"en-US\",\"@id\":\"https:\/\/buzas.com.br\/#primaryimage\",\"url\":\"http:\/\/buzas.com.br\/wp-content\/uploads\/2023\/06\/imagem02.png\",\"contentUrl\":\"http:\/\/buzas.com.br\/wp-content\/uploads\/2023\/06\/imagem02.png\"},{\"@type\":\"BreadcrumbList\",\"@id\":\"https:\/\/buzas.com.br\/#breadcrumb\",\"itemListElement\":[{\"@type\":\"ListItem\",\"position\":1,\"name\":\"In\u00edcio\",\"item\":\"https:\/\/buzas.com.br\/\"},{\"@type\":\"ListItem\",\"position\":2,\"name\":\"Buzas\"}]},{\"@type\":\"WebSite\",\"@id\":\"https:\/\/buzas.com.br\/#website\",\"url\":\"https:\/\/buzas.com.br\/\",\"name\":\"Buzas\",\"description\":\"Pioneira no Brasil em servi\u00e7o de corte de chapas a laser. Servi\u00e7os com qualidade ISO 9001:2000.\",\"potentialAction\":[{\"@type\":\"SearchAction\",\"target\":{\"@type\":\"EntryPoint\",\"urlTemplate\":\"https:\/\/buzas.com.br\/?s={search_term_string}\"},\"query-input\":{\"@type\":\"PropertyValueSpecification\",\"valueRequired\":true,\"valueName\":\"search_term_string\"}}],\"inLanguage\":\"en-US\"}]}<\/script>\n<!-- \/ Yoast SEO plugin. -->","yoast_head_json":{"title":"Buzas Laser Service | Pioneira no Brasil em servi\u00e7o de corte...","description":"Pioneira no Brasil em servi\u00e7o de corte de chapas a laser. Servi\u00e7os com qualidade ISO 9001:2000.","robots":{"index":"index","follow":"follow","max-snippet":"max-snippet:-1","max-image-preview":"max-image-preview:large","max-video-preview":"max-video-preview:-1"},"canonical":"https:\/\/buzas.com.br\/english\/","og_locale":"en_US","og_type":"article","og_title":"Buzas Laser Service | Pioneira no Brasil em servi\u00e7o de corte...","og_description":"Pioneira no Brasil em servi\u00e7o de corte de chapas a laser. Servi\u00e7os com qualidade ISO 9001:2000.","og_url":"https:\/\/buzas.com.br\/english\/","og_site_name":"Buzas","article_modified_time":"2025-10-13T19:47:03+00:00","og_image":[{"width":241,"height":298,"url":"https:\/\/buzas.com.br\/wp-content\/uploads\/2023\/06\/imagem02.png","type":"image\/png"}],"twitter_card":"summary_large_image","twitter_misc":{"Est. reading time":"2 minutes"},"schema":{"@context":"https:\/\/schema.org","@graph":[{"@type":"WebPage","@id":"https:\/\/buzas.com.br\/","url":"https:\/\/buzas.com.br\/","name":"Buzas Laser Service | Pioneira no Brasil em servi\u00e7o de corte...","isPartOf":{"@id":"https:\/\/buzas.com.br\/#website"},"primaryImageOfPage":{"@id":"https:\/\/buzas.com.br\/#primaryimage"},"image":{"@id":"https:\/\/buzas.com.br\/#primaryimage"},"thumbnailUrl":"http:\/\/buzas.com.br\/wp-content\/uploads\/2023\/06\/imagem02.png","datePublished":"2021-11-16T17:06:19+00:00","dateModified":"2025-10-13T19:47:03+00:00","description":"Pioneira no Brasil em servi\u00e7o de corte de chapas a laser. Servi\u00e7os com qualidade ISO 9001:2000.","breadcrumb":{"@id":"https:\/\/buzas.com.br\/#breadcrumb"},"inLanguage":"en-US","potentialAction":[{"@type":"ReadAction","target":["https:\/\/buzas.com.br\/"]}]},{"@type":"ImageObject","inLanguage":"en-US","@id":"https:\/\/buzas.com.br\/#primaryimage","url":"http:\/\/buzas.com.br\/wp-content\/uploads\/2023\/06\/imagem02.png","contentUrl":"http:\/\/buzas.com.br\/wp-content\/uploads\/2023\/06\/imagem02.png"},{"@type":"BreadcrumbList","@id":"https:\/\/buzas.com.br\/#breadcrumb","itemListElement":[{"@type":"ListItem","position":1,"name":"In\u00edcio","item":"https:\/\/buzas.com.br\/"},{"@type":"ListItem","position":2,"name":"Buzas"}]},{"@type":"WebSite","@id":"https:\/\/buzas.com.br\/#website","url":"https:\/\/buzas.com.br\/","name":"Buzas","description":"Pioneira no Brasil em servi\u00e7o de corte de chapas a laser. Servi\u00e7os com qualidade ISO 9001:2000.","potentialAction":[{"@type":"SearchAction","target":{"@type":"EntryPoint","urlTemplate":"https:\/\/buzas.com.br\/?s={search_term_string}"},"query-input":{"@type":"PropertyValueSpecification","valueRequired":true,"valueName":"search_term_string"}}],"inLanguage":"en-US"}]}},"_links":{"self":[{"href":"https:\/\/buzas.com.br\/english\/wp-json\/wp\/v2\/pages\/14","targetHints":{"allow":["GET"]}}],"collection":[{"href":"https:\/\/buzas.com.br\/english\/wp-json\/wp\/v2\/pages"}],"about":[{"href":"https:\/\/buzas.com.br\/english\/wp-json\/wp\/v2\/types\/page"}],"author":[{"embeddable":true,"href":"https:\/\/buzas.com.br\/english\/wp-json\/wp\/v2\/users\/1"}],"replies":[{"embeddable":true,"href":"https:\/\/buzas.com.br\/english\/wp-json\/wp\/v2\/comments?post=14"}],"version-history":[{"count":167,"href":"https:\/\/buzas.com.br\/english\/wp-json\/wp\/v2\/pages\/14\/revisions"}],"predecessor-version":[{"id":5843,"href":"https:\/\/buzas.com.br\/english\/wp-json\/wp\/v2\/pages\/14\/revisions\/5843"}],"wp:attachment":[{"href":"https:\/\/buzas.com.br\/english\/wp-json\/wp\/v2\/media?parent=14"}],"curies":[{"name":"wp","href":"https:\/\/api.w.org\/{rel}","templated":true}]}}