{"id":150,"date":"2021-11-17T12:18:53","date_gmt":"2021-11-17T15:18:53","guid":{"rendered":"https:\/\/buzas.devfirma.com.br\/?page_id=150"},"modified":"2022-06-08T13:12:36","modified_gmt":"2022-06-08T16:12:36","slug":"corte-a-laser-em-metal","status":"publish","type":"page","link":"https:\/\/buzas.com.br\/english\/corte-a-laser-em-metal\/","title":{"rendered":"Buzas &#8211; Corte a Laser em Metal"},"content":{"rendered":"<div data-elementor-type=\"wp-page\" data-elementor-id=\"150\" class=\"elementor elementor-150\" data-elementor-post-type=\"page\">\n\t\t\t\t\t\t<section class=\"elementor-section elementor-top-section elementor-element elementor-element-20e3869 elementor-section-boxed elementor-section-height-default elementor-section-height-default\" data-id=\"20e3869\" data-element_type=\"section\" data-settings=\"{&quot;background_background&quot;:&quot;classic&quot;}\">\n\t\t\t\t\t\t<div class=\"elementor-container elementor-column-gap-no\">\n\t\t\t\t\t<div class=\"elementor-column elementor-col-50 elementor-top-column elementor-element elementor-element-6793c2b\" data-id=\"6793c2b\" data-element_type=\"column\">\n\t\t\t<div class=\"elementor-widget-wrap elementor-element-populated\">\n\t\t\t\t\t\t<div class=\"elementor-element elementor-element-ee3cd86 elementor-widget elementor-widget-heading\" data-id=\"ee3cd86\" data-element_type=\"widget\" data-widget_type=\"heading.default\">\n\t\t\t\t<div class=\"elementor-widget-container\">\n\t\t\t\t\t<h1 class=\"elementor-heading-title elementor-size-default\">Tube Laser<br>\nin metal<\/h1>\t\t\t\t<\/div>\n\t\t\t\t<\/div>\n\t\t\t\t<div class=\"elementor-element elementor-element-adbf84a elementor-widget elementor-widget-text-editor\" data-id=\"adbf84a\" data-element_type=\"widget\" data-widget_type=\"text-editor.default\">\n\t\t\t\t<div class=\"elementor-widget-container\">\n\t\t\t\t\t\t\t\t\t<p>Laser steel plate cutting with precision and quality. Capacity Laser cutting table up to 2,500\u00d76,000mm.<\/p>\t\t\t\t\t\t\t\t<\/div>\n\t\t\t\t<\/div>\n\t\t\t\t\t<\/div>\n\t\t<\/div>\n\t\t\t\t<div class=\"elementor-column elementor-col-50 elementor-top-column elementor-element elementor-element-351ae88\" data-id=\"351ae88\" data-element_type=\"column\">\n\t\t\t<div class=\"elementor-widget-wrap\">\n\t\t\t\t\t\t\t<\/div>\n\t\t<\/div>\n\t\t\t\t\t<\/div>\n\t\t<\/section>\n\t\t\t\t<section class=\"elementor-section elementor-top-section elementor-element elementor-element-8bf3bcd elementor-reverse-mobile elementor-section-boxed elementor-section-height-default elementor-section-height-default\" data-id=\"8bf3bcd\" data-element_type=\"section\" data-settings=\"{&quot;background_background&quot;:&quot;classic&quot;}\">\n\t\t\t\t\t\t<div class=\"elementor-container elementor-column-gap-default\">\n\t\t\t\t\t<div class=\"elementor-column elementor-col-50 elementor-top-column elementor-element elementor-element-aea561d\" data-id=\"aea561d\" data-element_type=\"column\">\n\t\t\t<div class=\"elementor-widget-wrap elementor-element-populated\">\n\t\t\t\t\t\t<div class=\"elementor-element elementor-element-5f3fc32 elementor-widget elementor-widget-image\" data-id=\"5f3fc32\" data-element_type=\"widget\" data-widget_type=\"image.default\">\n\t\t\t\t<div class=\"elementor-widget-container\">\n\t\t\t\t\t\t\t\t\t\t\t\t\t\t\t<img fetchpriority=\"high\" decoding=\"async\" width=\"619\" height=\"389\" src=\"https:\/\/buzas.com.br\/wp-content\/uploads\/2021\/12\/imagem.png\" class=\"attachment-large size-large wp-image-821\" alt=\"\" srcset=\"https:\/\/buzas.com.br\/wp-content\/uploads\/2021\/12\/imagem.png 619w, https:\/\/buzas.com.br\/wp-content\/uploads\/2021\/12\/imagem-300x189.png 300w\" sizes=\"(max-width: 619px) 100vw, 619px\" \/>\t\t\t\t\t\t\t\t\t\t\t\t\t\t\t<\/div>\n\t\t\t\t<\/div>\n\t\t\t\t\t<\/div>\n\t\t<\/div>\n\t\t\t\t<div class=\"elementor-column elementor-col-50 elementor-top-column elementor-element elementor-element-4105e8c\" data-id=\"4105e8c\" data-element_type=\"column\">\n\t\t\t<div class=\"elementor-widget-wrap elementor-element-populated\">\n\t\t\t\t\t\t<div class=\"elementor-element elementor-element-75ac2e4 elementor-widget elementor-widget-text-editor\" data-id=\"75ac2e4\" data-element_type=\"widget\" data-widget_type=\"text-editor.default\">\n\t\t\t\t<div class=\"elementor-widget-container\">\n\t\t\t\t\t\t\t\t\tAbout the Cutting Machine\n\t\t\t\t\t\t\t\t<\/div>\n\t\t\t\t<\/div>\n\t\t\t\t<div class=\"elementor-element elementor-element-16de658 elementor-widget elementor-widget-text-editor\" data-id=\"16de658\" data-element_type=\"widget\" data-widget_type=\"text-editor.default\">\n\t\t\t\t<div class=\"elementor-widget-container\">\n\t\t\t\t\t\t\t\t\t<p>Fast and silent, the laser cutting system is the treasure of those who need efficient work, with precision, quality and excellent finishing. It offers maximum use of material, reducing the level of scrap, thus providing great savings. Its high level of precision allows for work in different ways, in the manufacture of highly complex assembled sets.<\/p>\t\t\t\t\t\t\t\t<\/div>\n\t\t\t\t<\/div>\n\t\t\t\t\t<\/div>\n\t\t<\/div>\n\t\t\t\t\t<\/div>\n\t\t<\/section>\n\t\t\t\t<section class=\"elementor-section elementor-top-section elementor-element elementor-element-216ee4b elementor-reverse-mobile elementor-section-boxed elementor-section-height-default elementor-section-height-default\" data-id=\"216ee4b\" data-element_type=\"section\" data-settings=\"{&quot;background_background&quot;:&quot;classic&quot;}\">\n\t\t\t\t\t\t<div class=\"elementor-container elementor-column-gap-default\">\n\t\t\t\t\t<div class=\"elementor-column elementor-col-50 elementor-top-column elementor-element elementor-element-b5fb148\" data-id=\"b5fb148\" data-element_type=\"column\">\n\t\t\t<div class=\"elementor-widget-wrap elementor-element-populated\">\n\t\t\t\t\t\t<div class=\"elementor-element elementor-element-d9e2c33 elementor-widget elementor-widget-text-editor\" data-id=\"d9e2c33\" data-element_type=\"widget\" data-widget_type=\"text-editor.default\">\n\t\t\t\t<div class=\"elementor-widget-container\">\n\t\t\t\t\t\t\t\t\t<p>Materials and Capacity<\/p>\t\t\t\t\t\t\t\t<\/div>\n\t\t\t\t<\/div>\n\t\t\t\t<div class=\"elementor-element elementor-element-2564cc9 elementor-widget elementor-widget-text-editor\" data-id=\"2564cc9\" data-element_type=\"widget\" data-widget_type=\"text-editor.default\">\n\t\t\t\t<div class=\"elementor-widget-container\">\n\t\t\t\t\t\t\t\t\t<p>The laser has good results in cutting carbon steel, stainless steel, acrylic and aluminum.<\/p><p>Check the specifications for maximum thicknesses for cutting materials (highlight the information below):<\/p>\t\t\t\t\t\t\t\t<\/div>\n\t\t\t\t<\/div>\n\t\t\t\t<section class=\"elementor-section elementor-inner-section elementor-element elementor-element-84d700f elementor-hidden-tablet elementor-section-boxed elementor-section-height-default elementor-section-height-default\" data-id=\"84d700f\" data-element_type=\"section\">\n\t\t\t\t\t\t<div class=\"elementor-container elementor-column-gap-default\">\n\t\t\t\t\t<div class=\"elementor-column elementor-col-50 elementor-inner-column elementor-element elementor-element-b1be862\" data-id=\"b1be862\" data-element_type=\"column\">\n\t\t\t<div class=\"elementor-widget-wrap\">\n\t\t\t\t\t\t\t<\/div>\n\t\t<\/div>\n\t\t\t\t<div class=\"elementor-column elementor-col-50 elementor-inner-column elementor-element elementor-element-a2a4f52\" data-id=\"a2a4f52\" data-element_type=\"column\">\n\t\t\t<div class=\"elementor-widget-wrap elementor-element-populated\">\n\t\t\t\t\t\t<div class=\"elementor-element elementor-element-b8e53d5 elementor-widget elementor-widget-text-editor\" data-id=\"b8e53d5\" data-element_type=\"widget\" data-widget_type=\"text-editor.default\">\n\t\t\t\t<div class=\"elementor-widget-container\">\n\t\t\t\t\t\t\t\t\tCarbon Steel: 16mm \u2022<br> Stainless Steel: 12mm \u2022<br> Aluminum: 4mm \u2022<br> Wood: 20mm \u2022<br> Acrylic: 20mm \u2022\t\t\t\t\t\t\t\t<\/div>\n\t\t\t\t<\/div>\n\t\t\t\t\t<\/div>\n\t\t<\/div>\n\t\t\t\t\t<\/div>\n\t\t<\/section>\n\t\t\t\t<div class=\"elementor-element elementor-element-eea011e elementor-hidden-tablet elementor-widget elementor-widget-text-editor\" data-id=\"eea011e\" data-element_type=\"widget\" data-widget_type=\"text-editor.default\">\n\t\t\t\t<div class=\"elementor-widget-container\">\n\t\t\t\t\t\t\t\t\t<em>Consult Buzas to know the cutting capacity <br>for other materials<\/em>\t\t\t\t\t\t\t\t<\/div>\n\t\t\t\t<\/div>\n\t\t\t\t\t<\/div>\n\t\t<\/div>\n\t\t\t\t<div class=\"elementor-column elementor-col-50 elementor-top-column elementor-element elementor-element-c2e336f\" data-id=\"c2e336f\" data-element_type=\"column\">\n\t\t\t<div class=\"elementor-widget-wrap elementor-element-populated\">\n\t\t\t\t\t\t<div class=\"elementor-element elementor-element-717f0dc elementor-widget elementor-widget-text-editor\" data-id=\"717f0dc\" data-element_type=\"widget\" data-widget_type=\"text-editor.default\">\n\t\t\t\t<div class=\"elementor-widget-container\">\n\t\t\t\t\t\t\t\t\t<p>Materials and Capacity<\/p>\t\t\t\t\t\t\t\t<\/div>\n\t\t\t\t<\/div>\n\t\t\t\t<div class=\"elementor-element elementor-element-c8a1461 elementor-widget elementor-widget-text-editor\" data-id=\"c8a1461\" data-element_type=\"widget\" data-widget_type=\"text-editor.default\">\n\t\t\t\t<div class=\"elementor-widget-container\">\n\t\t\t\t\t\t\t\t\t<p>The laser has good results in cutting carbon steel, stainless steel, acrylic and aluminum.<\/p><p>Check the specifications for maximum thicknesses for cutting materials (highlight the information below):<\/p>\t\t\t\t\t\t\t\t<\/div>\n\t\t\t\t<\/div>\n\t\t\t\t<section class=\"elementor-section elementor-inner-section elementor-element elementor-element-4a2d901 elementor-section-boxed elementor-section-height-default elementor-section-height-default\" data-id=\"4a2d901\" data-element_type=\"section\">\n\t\t\t\t\t\t<div class=\"elementor-container elementor-column-gap-default\">\n\t\t\t\t\t<div class=\"elementor-column elementor-col-50 elementor-inner-column elementor-element elementor-element-71dab65\" data-id=\"71dab65\" data-element_type=\"column\">\n\t\t\t<div class=\"elementor-widget-wrap\">\n\t\t\t\t\t\t\t<\/div>\n\t\t<\/div>\n\t\t\t\t<div class=\"elementor-column elementor-col-50 elementor-inner-column elementor-element elementor-element-7ed73c7\" data-id=\"7ed73c7\" data-element_type=\"column\">\n\t\t\t<div class=\"elementor-widget-wrap elementor-element-populated\">\n\t\t\t\t\t\t<div class=\"elementor-element elementor-element-33383e0 elementor-widget elementor-widget-text-editor\" data-id=\"33383e0\" data-element_type=\"widget\" data-widget_type=\"text-editor.default\">\n\t\t\t\t<div class=\"elementor-widget-container\">\n\t\t\t\t\t\t\t\t\tCarbon Steel: 16mm \u2022<br> Stainless Steel: 12mm \u2022<br> Aluminum: 4mm \u2022<br> Wood: 20mm \u2022<br> Acrylic: 20mm \u2022\t\t\t\t\t\t\t\t<\/div>\n\t\t\t\t<\/div>\n\t\t\t\t\t<\/div>\n\t\t<\/div>\n\t\t\t\t\t<\/div>\n\t\t<\/section>\n\t\t\t\t<div class=\"elementor-element elementor-element-82a053a elementor-hidden-tablet elementor-widget elementor-widget-text-editor\" data-id=\"82a053a\" data-element_type=\"widget\" data-widget_type=\"text-editor.default\">\n\t\t\t\t<div class=\"elementor-widget-container\">\n\t\t\t\t\t\t\t\t\t<em>Consult Buzas to know the cutting capacity <br>for other materials<\/em>\t\t\t\t\t\t\t\t<\/div>\n\t\t\t\t<\/div>\n\t\t\t\t\t<\/div>\n\t\t<\/div>\n\t\t\t\t\t<\/div>\n\t\t<\/section>\n\t\t\t\t<section class=\"elementor-section elementor-top-section elementor-element elementor-element-33dd3f3 elementor-reverse-mobile elementor-section-boxed elementor-section-height-default elementor-section-height-default\" data-id=\"33dd3f3\" data-element_type=\"section\" data-settings=\"{&quot;background_background&quot;:&quot;classic&quot;}\">\n\t\t\t\t\t\t<div class=\"elementor-container elementor-column-gap-no\">\n\t\t\t\t\t<div class=\"elementor-column elementor-col-50 elementor-top-column elementor-element elementor-element-835f7f5\" data-id=\"835f7f5\" data-element_type=\"column\">\n\t\t\t<div class=\"elementor-widget-wrap elementor-element-populated\">\n\t\t\t\t\t\t<div class=\"elementor-element elementor-element-16e5774 elementor-widget elementor-widget-image\" data-id=\"16e5774\" data-element_type=\"widget\" data-widget_type=\"image.default\">\n\t\t\t\t<div class=\"elementor-widget-container\">\n\t\t\t\t\t\t\t\t\t\t\t\t\t\t\t<img decoding=\"async\" width=\"497\" height=\"651\" src=\"https:\/\/buzas.com.br\/wp-content\/uploads\/2021\/11\/hero01-1.png\" class=\"attachment-large size-large wp-image-152\" alt=\"\" srcset=\"https:\/\/buzas.com.br\/wp-content\/uploads\/2021\/11\/hero01-1.png 497w, https:\/\/buzas.com.br\/wp-content\/uploads\/2021\/11\/hero01-1-229x300.png 229w\" sizes=\"(max-width: 497px) 100vw, 497px\" \/>\t\t\t\t\t\t\t\t\t\t\t\t\t\t\t<\/div>\n\t\t\t\t<\/div>\n\t\t\t\t\t<\/div>\n\t\t<\/div>\n\t\t\t\t<div class=\"elementor-column elementor-col-50 elementor-top-column elementor-element elementor-element-a91081a\" data-id=\"a91081a\" data-element_type=\"column\">\n\t\t\t<div class=\"elementor-widget-wrap elementor-element-populated\">\n\t\t\t\t\t\t<div class=\"elementor-element elementor-element-a779f2d elementor-widget elementor-widget-text-editor\" data-id=\"a779f2d\" data-element_type=\"widget\" data-widget_type=\"text-editor.default\">\n\t\t\t\t<div class=\"elementor-widget-container\">\n\t\t\t\t\t\t\t\t\t<p>Buzas' Competitive Advantages<\/p>\t\t\t\t\t\t\t\t<\/div>\n\t\t\t\t<\/div>\n\t\t\t\t<section class=\"elementor-section elementor-inner-section elementor-element elementor-element-a1df77c elementor-section-boxed elementor-section-height-default elementor-section-height-default\" data-id=\"a1df77c\" data-element_type=\"section\">\n\t\t\t\t\t\t<div class=\"elementor-container elementor-column-gap-default\">\n\t\t\t\t\t<div class=\"elementor-column elementor-col-50 elementor-inner-column elementor-element elementor-element-91e7723\" data-id=\"91e7723\" data-element_type=\"column\">\n\t\t\t<div class=\"elementor-widget-wrap elementor-element-populated\">\n\t\t\t\t\t\t<div class=\"elementor-element elementor-element-3218740 elementor-widget elementor-widget-text-editor\" data-id=\"3218740\" data-element_type=\"widget\" data-widget_type=\"text-editor.default\">\n\t\t\t\t<div class=\"elementor-widget-container\">\n\t\t\t\t\t\t\t\t\t\u2022 Taylor made projects <br>\u2022 High usage of material <br>\u2022 High-tech machines <br>\u2022 Trained team of employees <br>\u2022 Great location <br>(S\u00e3o Paulo, East Zone)\t\t\t\t\t\t\t\t<\/div>\n\t\t\t\t<\/div>\n\t\t\t\t\t<\/div>\n\t\t<\/div>\n\t\t\t\t<div class=\"elementor-column elementor-col-50 elementor-inner-column elementor-element elementor-element-06fcd14\" data-id=\"06fcd14\" data-element_type=\"column\">\n\t\t\t<div class=\"elementor-widget-wrap elementor-element-populated\">\n\t\t\t\t\t\t<div class=\"elementor-element elementor-element-aad9c53 elementor-widget elementor-widget-text-editor\" data-id=\"aad9c53\" data-element_type=\"widget\" data-widget_type=\"text-editor.default\">\n\t\t\t\t<div class=\"elementor-widget-container\">\n\t\t\t\t\t\t\t\t\t\u2022 Product engineering follow-up <br>\u2022 Reduction of internal production and logistics costs for your company <br>\u2022 Cutting and bending of sheets up to 6m\t\t\t\t\t\t\t\t<\/div>\n\t\t\t\t<\/div>\n\t\t\t\t\t<\/div>\n\t\t<\/div>\n\t\t\t\t\t<\/div>\n\t\t<\/section>\n\t\t\t\t\t<\/div>\n\t\t<\/div>\n\t\t\t\t\t<\/div>\n\t\t<\/section>\n\t\t\t\t<\/div>","protected":false},"excerpt":{"rendered":"<p>Corte a Laser em metal Corte de chapas de a\u00e7o a laser com precis\u00e3o e qualidade. Capacidade Mesa de corte a laser de at\u00e9 2.500&#215;6.000mm. Sobre o corte a laser R\u00e1pido e silencioso, o sistema de corte a laser \u00e9 o tesouro de quem precisa de um trabalho eficiente, com precis\u00e3o, qualidade e excelente acabamento. [&hellip;]<\/p>","protected":false},"author":1,"featured_media":0,"parent":0,"menu_order":0,"comment_status":"closed","ping_status":"closed","template":"elementor_header_footer","meta":{"footnotes":""},"class_list":["post-150","page","type-page","status-publish","hentry"],"yoast_head":"<!-- This site is optimized with the Yoast SEO plugin v26.1.1 - https:\/\/yoast.com\/wordpress\/plugins\/seo\/ -->\n<title>Buzas - Corte a Laser em Metal - Buzas<\/title>\n<meta name=\"robots\" content=\"index, follow, max-snippet:-1, max-image-preview:large, max-video-preview:-1\" \/>\n<link rel=\"canonical\" href=\"https:\/\/buzas.com.br\/english\/corte-a-laser-em-metal\/\" \/>\n<meta property=\"og:locale\" content=\"en_US\" \/>\n<meta property=\"og:type\" content=\"article\" \/>\n<meta property=\"og:title\" content=\"Buzas - Corte a Laser em Metal - Buzas\" \/>\n<meta property=\"og:description\" content=\"Corte a Laser em metal Corte de chapas de a\u00e7o a laser com precis\u00e3o e qualidade. Capacidade Mesa de corte a laser de at\u00e9 2.500&#215;6.000mm. Sobre o corte a laser R\u00e1pido e silencioso, o sistema de corte a laser \u00e9 o tesouro de quem precisa de um trabalho eficiente, com precis\u00e3o, qualidade e excelente acabamento. [&hellip;]\" \/>\n<meta property=\"og:url\" content=\"https:\/\/buzas.com.br\/english\/corte-a-laser-em-metal\/\" \/>\n<meta property=\"og:site_name\" content=\"Buzas\" \/>\n<meta property=\"article:modified_time\" content=\"2022-06-08T16:12:36+00:00\" \/>\n<meta property=\"og:image\" content=\"http:\/\/buzas.com.br\/wp-content\/uploads\/2021\/12\/imagem.png\" \/>\n<meta name=\"twitter:card\" content=\"summary_large_image\" \/>\n<meta name=\"twitter:label1\" content=\"Est. reading time\" \/>\n\t<meta name=\"twitter:data1\" content=\"2 minutes\" \/>\n<script type=\"application\/ld+json\" class=\"yoast-schema-graph\">{\"@context\":\"https:\/\/schema.org\",\"@graph\":[{\"@type\":\"WebPage\",\"@id\":\"https:\/\/buzas.com.br\/corte-a-laser-em-metal\/\",\"url\":\"https:\/\/buzas.com.br\/corte-a-laser-em-metal\/\",\"name\":\"Buzas - Corte a Laser em Metal - Buzas\",\"isPartOf\":{\"@id\":\"https:\/\/buzas.com.br\/#website\"},\"primaryImageOfPage\":{\"@id\":\"https:\/\/buzas.com.br\/corte-a-laser-em-metal\/#primaryimage\"},\"image\":{\"@id\":\"https:\/\/buzas.com.br\/corte-a-laser-em-metal\/#primaryimage\"},\"thumbnailUrl\":\"http:\/\/buzas.com.br\/wp-content\/uploads\/2021\/12\/imagem.png\",\"datePublished\":\"2021-11-17T15:18:53+00:00\",\"dateModified\":\"2022-06-08T16:12:36+00:00\",\"breadcrumb\":{\"@id\":\"https:\/\/buzas.com.br\/corte-a-laser-em-metal\/#breadcrumb\"},\"inLanguage\":\"en-US\",\"potentialAction\":[{\"@type\":\"ReadAction\",\"target\":[\"https:\/\/buzas.com.br\/corte-a-laser-em-metal\/\"]}]},{\"@type\":\"ImageObject\",\"inLanguage\":\"en-US\",\"@id\":\"https:\/\/buzas.com.br\/corte-a-laser-em-metal\/#primaryimage\",\"url\":\"http:\/\/buzas.com.br\/wp-content\/uploads\/2021\/12\/imagem.png\",\"contentUrl\":\"http:\/\/buzas.com.br\/wp-content\/uploads\/2021\/12\/imagem.png\"},{\"@type\":\"BreadcrumbList\",\"@id\":\"https:\/\/buzas.com.br\/corte-a-laser-em-metal\/#breadcrumb\",\"itemListElement\":[{\"@type\":\"ListItem\",\"position\":1,\"name\":\"In\u00edcio\",\"item\":\"https:\/\/buzas.com.br\/\"},{\"@type\":\"ListItem\",\"position\":2,\"name\":\"Buzas &#8211; Corte a Laser em Metal\"}]},{\"@type\":\"WebSite\",\"@id\":\"https:\/\/buzas.com.br\/#website\",\"url\":\"https:\/\/buzas.com.br\/\",\"name\":\"Buzas\",\"description\":\"Pioneira no Brasil em servi\u00e7o de corte de chapas a laser. Servi\u00e7os com qualidade ISO 9001:2000.\",\"potentialAction\":[{\"@type\":\"SearchAction\",\"target\":{\"@type\":\"EntryPoint\",\"urlTemplate\":\"https:\/\/buzas.com.br\/?s={search_term_string}\"},\"query-input\":{\"@type\":\"PropertyValueSpecification\",\"valueRequired\":true,\"valueName\":\"search_term_string\"}}],\"inLanguage\":\"en-US\"}]}<\/script>\n<!-- \/ Yoast SEO plugin. -->","yoast_head_json":{"title":"Buzas - Corte a Laser em Metal - Buzas","robots":{"index":"index","follow":"follow","max-snippet":"max-snippet:-1","max-image-preview":"max-image-preview:large","max-video-preview":"max-video-preview:-1"},"canonical":"https:\/\/buzas.com.br\/english\/corte-a-laser-em-metal\/","og_locale":"en_US","og_type":"article","og_title":"Buzas - Corte a Laser em Metal - Buzas","og_description":"Corte a Laser em metal Corte de chapas de a\u00e7o a laser com precis\u00e3o e qualidade. Capacidade Mesa de corte a laser de at\u00e9 2.500&#215;6.000mm. Sobre o corte a laser R\u00e1pido e silencioso, o sistema de corte a laser \u00e9 o tesouro de quem precisa de um trabalho eficiente, com precis\u00e3o, qualidade e excelente acabamento. [&hellip;]","og_url":"https:\/\/buzas.com.br\/english\/corte-a-laser-em-metal\/","og_site_name":"Buzas","article_modified_time":"2022-06-08T16:12:36+00:00","og_image":[{"url":"http:\/\/buzas.com.br\/wp-content\/uploads\/2021\/12\/imagem.png","type":"","width":"","height":""}],"twitter_card":"summary_large_image","twitter_misc":{"Est. reading time":"2 minutes"},"schema":{"@context":"https:\/\/schema.org","@graph":[{"@type":"WebPage","@id":"https:\/\/buzas.com.br\/corte-a-laser-em-metal\/","url":"https:\/\/buzas.com.br\/corte-a-laser-em-metal\/","name":"Buzas - Corte a Laser em Metal - Buzas","isPartOf":{"@id":"https:\/\/buzas.com.br\/#website"},"primaryImageOfPage":{"@id":"https:\/\/buzas.com.br\/corte-a-laser-em-metal\/#primaryimage"},"image":{"@id":"https:\/\/buzas.com.br\/corte-a-laser-em-metal\/#primaryimage"},"thumbnailUrl":"http:\/\/buzas.com.br\/wp-content\/uploads\/2021\/12\/imagem.png","datePublished":"2021-11-17T15:18:53+00:00","dateModified":"2022-06-08T16:12:36+00:00","breadcrumb":{"@id":"https:\/\/buzas.com.br\/corte-a-laser-em-metal\/#breadcrumb"},"inLanguage":"en-US","potentialAction":[{"@type":"ReadAction","target":["https:\/\/buzas.com.br\/corte-a-laser-em-metal\/"]}]},{"@type":"ImageObject","inLanguage":"en-US","@id":"https:\/\/buzas.com.br\/corte-a-laser-em-metal\/#primaryimage","url":"http:\/\/buzas.com.br\/wp-content\/uploads\/2021\/12\/imagem.png","contentUrl":"http:\/\/buzas.com.br\/wp-content\/uploads\/2021\/12\/imagem.png"},{"@type":"BreadcrumbList","@id":"https:\/\/buzas.com.br\/corte-a-laser-em-metal\/#breadcrumb","itemListElement":[{"@type":"ListItem","position":1,"name":"In\u00edcio","item":"https:\/\/buzas.com.br\/"},{"@type":"ListItem","position":2,"name":"Buzas &#8211; Corte a Laser em Metal"}]},{"@type":"WebSite","@id":"https:\/\/buzas.com.br\/#website","url":"https:\/\/buzas.com.br\/","name":"Buzas","description":"Pioneira no Brasil em servi\u00e7o de corte de chapas a laser. Servi\u00e7os com qualidade ISO 9001:2000.","potentialAction":[{"@type":"SearchAction","target":{"@type":"EntryPoint","urlTemplate":"https:\/\/buzas.com.br\/?s={search_term_string}"},"query-input":{"@type":"PropertyValueSpecification","valueRequired":true,"valueName":"search_term_string"}}],"inLanguage":"en-US"}]}},"_links":{"self":[{"href":"https:\/\/buzas.com.br\/english\/wp-json\/wp\/v2\/pages\/150","targetHints":{"allow":["GET"]}}],"collection":[{"href":"https:\/\/buzas.com.br\/english\/wp-json\/wp\/v2\/pages"}],"about":[{"href":"https:\/\/buzas.com.br\/english\/wp-json\/wp\/v2\/types\/page"}],"author":[{"embeddable":true,"href":"https:\/\/buzas.com.br\/english\/wp-json\/wp\/v2\/users\/1"}],"replies":[{"embeddable":true,"href":"https:\/\/buzas.com.br\/english\/wp-json\/wp\/v2\/comments?post=150"}],"version-history":[{"count":57,"href":"https:\/\/buzas.com.br\/english\/wp-json\/wp\/v2\/pages\/150\/revisions"}],"predecessor-version":[{"id":1702,"href":"https:\/\/buzas.com.br\/english\/wp-json\/wp\/v2\/pages\/150\/revisions\/1702"}],"wp:attachment":[{"href":"https:\/\/buzas.com.br\/english\/wp-json\/wp\/v2\/media?parent=150"}],"curies":[{"name":"wp","href":"https:\/\/api.w.org\/{rel}","templated":true}]}}