{"id":270,"date":"2021-11-17T16:19:41","date_gmt":"2021-11-17T19:19:41","guid":{"rendered":"https:\/\/buzas.devfirma.com.br\/?page_id=270"},"modified":"2022-06-08T13:13:43","modified_gmt":"2022-06-08T16:13:43","slug":"dobra-de-precisao","status":"publish","type":"page","link":"https:\/\/buzas.com.br\/english\/dobra-de-precisao\/","title":{"rendered":"Buzas &#8211; Dobra de Precis\u00e3o"},"content":{"rendered":"<div data-elementor-type=\"wp-page\" data-elementor-id=\"270\" class=\"elementor elementor-270\" data-elementor-post-type=\"page\">\n\t\t\t\t\t\t<section class=\"elementor-section elementor-top-section elementor-element elementor-element-20e3869 elementor-section-boxed elementor-section-height-default elementor-section-height-default\" data-id=\"20e3869\" data-element_type=\"section\" data-settings=\"{&quot;background_background&quot;:&quot;classic&quot;}\">\n\t\t\t\t\t\t<div class=\"elementor-container elementor-column-gap-no\">\n\t\t\t\t\t<div class=\"elementor-column elementor-col-50 elementor-top-column elementor-element elementor-element-6793c2b\" data-id=\"6793c2b\" data-element_type=\"column\">\n\t\t\t<div class=\"elementor-widget-wrap elementor-element-populated\">\n\t\t\t\t\t\t<div class=\"elementor-element elementor-element-d47fd05 elementor-widget elementor-widget-heading\" data-id=\"d47fd05\" data-element_type=\"widget\" data-widget_type=\"heading.default\">\n\t\t\t\t<div class=\"elementor-widget-container\">\n\t\t\t\t\t<h1 class=\"elementor-heading-title elementor-size-default\">Precision Bending<\/h1>\t\t\t\t<\/div>\n\t\t\t\t<\/div>\n\t\t\t\t<div class=\"elementor-element elementor-element-adbf84a elementor-widget elementor-widget-text-editor\" data-id=\"adbf84a\" data-element_type=\"widget\" data-widget_type=\"text-editor.default\">\n\t\t\t\t<div class=\"elementor-widget-container\">\n\t\t\t\t\t\t\t\t\tWith the proposal to add options for cutting and forming services that could help in the production of parts for customers, Buzas invested in bending machines with CNC command.\n\t\t\t\t\t\t\t\t<\/div>\n\t\t\t\t<\/div>\n\t\t\t\t\t<\/div>\n\t\t<\/div>\n\t\t\t\t<div class=\"elementor-column elementor-col-50 elementor-top-column elementor-element elementor-element-351ae88\" data-id=\"351ae88\" data-element_type=\"column\">\n\t\t\t<div class=\"elementor-widget-wrap\">\n\t\t\t\t\t\t\t<\/div>\n\t\t<\/div>\n\t\t\t\t\t<\/div>\n\t\t<\/section>\n\t\t\t\t<section class=\"elementor-section elementor-top-section elementor-element elementor-element-bf80fa8 elementor-section-boxed elementor-section-height-default elementor-section-height-default\" data-id=\"bf80fa8\" data-element_type=\"section\">\n\t\t\t\t\t\t<div class=\"elementor-container elementor-column-gap-default\">\n\t\t\t\t\t<div class=\"elementor-column elementor-col-100 elementor-top-column elementor-element elementor-element-5bc887c\" data-id=\"5bc887c\" data-element_type=\"column\">\n\t\t\t<div class=\"elementor-widget-wrap elementor-element-populated\">\n\t\t\t\t\t\t<div class=\"elementor-element elementor-element-2240126 elementor-widget elementor-widget-text-editor\" data-id=\"2240126\" data-element_type=\"widget\" data-widget_type=\"text-editor.default\">\n\t\t\t\t<div class=\"elementor-widget-container\">\n\t\t\t\t\t\t\t\t\tMaterials and Capacity\n\t\t\t\t\t\t\t\t<\/div>\n\t\t\t\t<\/div>\n\t\t\t\t<div class=\"elementor-element elementor-element-2cda67a elementor-widget elementor-widget-text-editor\" data-id=\"2cda67a\" data-element_type=\"widget\" data-widget_type=\"text-editor.default\">\n\t\t\t\t<div class=\"elementor-widget-container\">\n\t\t\t\t\t\t\t\t\t<p>Carbon Steel, Stainless Steel and Aluminum with plates up to 6,000 m<\/p>\t\t\t\t\t\t\t\t<\/div>\n\t\t\t\t<\/div>\n\t\t\t\t<section class=\"elementor-section elementor-inner-section elementor-element elementor-element-f576c64 elementor-section-boxed elementor-section-height-default elementor-section-height-default\" data-id=\"f576c64\" data-element_type=\"section\">\n\t\t\t\t\t\t<div class=\"elementor-container elementor-column-gap-default\">\n\t\t\t\t\t<div class=\"elementor-column elementor-col-33 elementor-inner-column elementor-element elementor-element-0f30368\" data-id=\"0f30368\" data-element_type=\"column\">\n\t\t\t<div class=\"elementor-widget-wrap elementor-element-populated\">\n\t\t\t\t\t\t<div class=\"elementor-element elementor-element-5997b29 elementor-widget elementor-widget-image\" data-id=\"5997b29\" data-element_type=\"widget\" data-widget_type=\"image.default\">\n\t\t\t\t<div class=\"elementor-widget-container\">\n\t\t\t\t\t\t\t\t\t\t\t\t\t\t\t<img fetchpriority=\"high\" decoding=\"async\" width=\"426\" height=\"426\" src=\"http:\/\/buzas.com.br\/wp-content\/uploads\/2022\/01\/imagem01.png\" class=\"attachment-large size-large wp-image-828\" alt=\"\" srcset=\"https:\/\/buzas.com.br\/wp-content\/uploads\/2022\/01\/imagem01.png 426w, https:\/\/buzas.com.br\/wp-content\/uploads\/2022\/01\/imagem01-300x300.png 300w, https:\/\/buzas.com.br\/wp-content\/uploads\/2022\/01\/imagem01-150x150.png 150w, https:\/\/buzas.com.br\/wp-content\/uploads\/2022\/01\/imagem01-12x12.png 12w\" sizes=\"(max-width: 426px) 100vw, 426px\" \/>\t\t\t\t\t\t\t\t\t\t\t\t\t\t\t<\/div>\n\t\t\t\t<\/div>\n\t\t\t\t\t<\/div>\n\t\t<\/div>\n\t\t\t\t<div class=\"elementor-column elementor-col-33 elementor-inner-column elementor-element elementor-element-c627e7b\" data-id=\"c627e7b\" data-element_type=\"column\">\n\t\t\t<div class=\"elementor-widget-wrap elementor-element-populated\">\n\t\t\t\t\t\t<div class=\"elementor-element elementor-element-2fdfdf8 elementor-widget elementor-widget-image\" data-id=\"2fdfdf8\" data-element_type=\"widget\" data-widget_type=\"image.default\">\n\t\t\t\t<div class=\"elementor-widget-container\">\n\t\t\t\t\t\t\t\t\t\t\t\t\t\t\t<img decoding=\"async\" width=\"426\" height=\"426\" src=\"http:\/\/buzas.com.br\/wp-content\/uploads\/2022\/01\/imagem02.png\" class=\"attachment-large size-large wp-image-829\" alt=\"\" srcset=\"https:\/\/buzas.com.br\/wp-content\/uploads\/2022\/01\/imagem02.png 426w, https:\/\/buzas.com.br\/wp-content\/uploads\/2022\/01\/imagem02-300x300.png 300w, https:\/\/buzas.com.br\/wp-content\/uploads\/2022\/01\/imagem02-150x150.png 150w, https:\/\/buzas.com.br\/wp-content\/uploads\/2022\/01\/imagem02-12x12.png 12w\" sizes=\"(max-width: 426px) 100vw, 426px\" \/>\t\t\t\t\t\t\t\t\t\t\t\t\t\t\t<\/div>\n\t\t\t\t<\/div>\n\t\t\t\t\t<\/div>\n\t\t<\/div>\n\t\t\t\t<div class=\"elementor-column elementor-col-33 elementor-inner-column elementor-element elementor-element-a21cc25\" data-id=\"a21cc25\" data-element_type=\"column\">\n\t\t\t<div class=\"elementor-widget-wrap elementor-element-populated\">\n\t\t\t\t\t\t<div class=\"elementor-element elementor-element-143b342 elementor-widget elementor-widget-image\" data-id=\"143b342\" data-element_type=\"widget\" data-widget_type=\"image.default\">\n\t\t\t\t<div class=\"elementor-widget-container\">\n\t\t\t\t\t\t\t\t\t\t\t\t\t\t\t<img decoding=\"async\" width=\"426\" height=\"426\" src=\"http:\/\/buzas.com.br\/wp-content\/uploads\/2022\/01\/imagem03.png\" class=\"attachment-large size-large wp-image-827\" alt=\"\" srcset=\"https:\/\/buzas.com.br\/wp-content\/uploads\/2022\/01\/imagem03.png 426w, https:\/\/buzas.com.br\/wp-content\/uploads\/2022\/01\/imagem03-300x300.png 300w, https:\/\/buzas.com.br\/wp-content\/uploads\/2022\/01\/imagem03-150x150.png 150w, https:\/\/buzas.com.br\/wp-content\/uploads\/2022\/01\/imagem03-12x12.png 12w\" sizes=\"(max-width: 426px) 100vw, 426px\" \/>\t\t\t\t\t\t\t\t\t\t\t\t\t\t\t<\/div>\n\t\t\t\t<\/div>\n\t\t\t\t\t<\/div>\n\t\t<\/div>\n\t\t\t\t\t<\/div>\n\t\t<\/section>\n\t\t\t\t\t<\/div>\n\t\t<\/div>\n\t\t\t\t\t<\/div>\n\t\t<\/section>\n\t\t\t\t<\/div>","protected":false},"excerpt":{"rendered":"<p>Dobra de Precis\u00e3o Com a proposta de agregar op\u00e7\u00f5es de servi\u00e7os de corte e conforma\u00e7\u00e3o que pudessem auxiliar na produ\u00e7\u00e3o de pe\u00e7as para clientes, a Buzas investiu em dobradeiras com comando CNC. Materiais e Capacidade A\u00e7o carbono, a\u00e7o inox e alum\u00ednio com chapas de at\u00e9 6.000 mm.<\/p>","protected":false},"author":1,"featured_media":0,"parent":0,"menu_order":0,"comment_status":"closed","ping_status":"closed","template":"elementor_header_footer","meta":{"footnotes":""},"class_list":["post-270","page","type-page","status-publish","hentry"],"yoast_head":"<!-- This site is optimized with the Yoast SEO plugin v26.1.1 - https:\/\/yoast.com\/wordpress\/plugins\/seo\/ -->\n<title>Buzas - Dobra de Precis\u00e3o - Buzas<\/title>\n<meta name=\"robots\" content=\"index, follow, max-snippet:-1, max-image-preview:large, max-video-preview:-1\" \/>\n<link rel=\"canonical\" href=\"https:\/\/buzas.com.br\/english\/dobra-de-precisao\/\" \/>\n<meta property=\"og:locale\" content=\"en_US\" \/>\n<meta property=\"og:type\" content=\"article\" \/>\n<meta property=\"og:title\" content=\"Buzas - Dobra de Precis\u00e3o - Buzas\" \/>\n<meta property=\"og:description\" content=\"Dobra de Precis\u00e3o Com a proposta de agregar op\u00e7\u00f5es de servi\u00e7os de corte e conforma\u00e7\u00e3o que pudessem auxiliar na produ\u00e7\u00e3o de pe\u00e7as para clientes, a Buzas investiu em dobradeiras com comando CNC. Materiais e Capacidade A\u00e7o carbono, a\u00e7o inox e alum\u00ednio com chapas de at\u00e9 6.000 mm.\" \/>\n<meta property=\"og:url\" content=\"https:\/\/buzas.com.br\/english\/dobra-de-precisao\/\" \/>\n<meta property=\"og:site_name\" content=\"Buzas\" \/>\n<meta property=\"article:modified_time\" content=\"2022-06-08T16:13:43+00:00\" \/>\n<meta property=\"og:image\" content=\"http:\/\/buzas.com.br\/wp-content\/uploads\/2021\/12\/imagem01-1.png\" \/>\n<meta name=\"twitter:card\" content=\"summary_large_image\" \/>\n<meta name=\"twitter:label1\" content=\"Est. reading time\" \/>\n\t<meta name=\"twitter:data1\" content=\"1 minute\" \/>\n<script type=\"application\/ld+json\" class=\"yoast-schema-graph\">{\"@context\":\"https:\/\/schema.org\",\"@graph\":[{\"@type\":\"WebPage\",\"@id\":\"https:\/\/buzas.com.br\/dobra-de-precisao\/\",\"url\":\"https:\/\/buzas.com.br\/dobra-de-precisao\/\",\"name\":\"Buzas - Dobra de Precis\u00e3o - Buzas\",\"isPartOf\":{\"@id\":\"https:\/\/buzas.com.br\/#website\"},\"primaryImageOfPage\":{\"@id\":\"https:\/\/buzas.com.br\/dobra-de-precisao\/#primaryimage\"},\"image\":{\"@id\":\"https:\/\/buzas.com.br\/dobra-de-precisao\/#primaryimage\"},\"thumbnailUrl\":\"http:\/\/buzas.com.br\/wp-content\/uploads\/2021\/12\/imagem01-1.png\",\"datePublished\":\"2021-11-17T19:19:41+00:00\",\"dateModified\":\"2022-06-08T16:13:43+00:00\",\"breadcrumb\":{\"@id\":\"https:\/\/buzas.com.br\/dobra-de-precisao\/#breadcrumb\"},\"inLanguage\":\"en-US\",\"potentialAction\":[{\"@type\":\"ReadAction\",\"target\":[\"https:\/\/buzas.com.br\/dobra-de-precisao\/\"]}]},{\"@type\":\"ImageObject\",\"inLanguage\":\"en-US\",\"@id\":\"https:\/\/buzas.com.br\/dobra-de-precisao\/#primaryimage\",\"url\":\"http:\/\/buzas.com.br\/wp-content\/uploads\/2021\/12\/imagem01-1.png\",\"contentUrl\":\"http:\/\/buzas.com.br\/wp-content\/uploads\/2021\/12\/imagem01-1.png\"},{\"@type\":\"BreadcrumbList\",\"@id\":\"https:\/\/buzas.com.br\/dobra-de-precisao\/#breadcrumb\",\"itemListElement\":[{\"@type\":\"ListItem\",\"position\":1,\"name\":\"In\u00edcio\",\"item\":\"https:\/\/buzas.com.br\/\"},{\"@type\":\"ListItem\",\"position\":2,\"name\":\"Buzas &#8211; Dobra de Precis\u00e3o\"}]},{\"@type\":\"WebSite\",\"@id\":\"https:\/\/buzas.com.br\/#website\",\"url\":\"https:\/\/buzas.com.br\/\",\"name\":\"Buzas\",\"description\":\"Pioneira no Brasil em servi\u00e7o de corte de chapas a laser. Servi\u00e7os com qualidade ISO 9001:2000.\",\"potentialAction\":[{\"@type\":\"SearchAction\",\"target\":{\"@type\":\"EntryPoint\",\"urlTemplate\":\"https:\/\/buzas.com.br\/?s={search_term_string}\"},\"query-input\":{\"@type\":\"PropertyValueSpecification\",\"valueRequired\":true,\"valueName\":\"search_term_string\"}}],\"inLanguage\":\"en-US\"}]}<\/script>\n<!-- \/ Yoast SEO plugin. -->","yoast_head_json":{"title":"Buzas - Dobra de Precis\u00e3o - Buzas","robots":{"index":"index","follow":"follow","max-snippet":"max-snippet:-1","max-image-preview":"max-image-preview:large","max-video-preview":"max-video-preview:-1"},"canonical":"https:\/\/buzas.com.br\/english\/dobra-de-precisao\/","og_locale":"en_US","og_type":"article","og_title":"Buzas - Dobra de Precis\u00e3o - Buzas","og_description":"Dobra de Precis\u00e3o Com a proposta de agregar op\u00e7\u00f5es de servi\u00e7os de corte e conforma\u00e7\u00e3o que pudessem auxiliar na produ\u00e7\u00e3o de pe\u00e7as para clientes, a Buzas investiu em dobradeiras com comando CNC. Materiais e Capacidade A\u00e7o carbono, a\u00e7o inox e alum\u00ednio com chapas de at\u00e9 6.000 mm.","og_url":"https:\/\/buzas.com.br\/english\/dobra-de-precisao\/","og_site_name":"Buzas","article_modified_time":"2022-06-08T16:13:43+00:00","og_image":[{"url":"http:\/\/buzas.com.br\/wp-content\/uploads\/2021\/12\/imagem01-1.png","type":"","width":"","height":""}],"twitter_card":"summary_large_image","twitter_misc":{"Est. reading time":"1 minute"},"schema":{"@context":"https:\/\/schema.org","@graph":[{"@type":"WebPage","@id":"https:\/\/buzas.com.br\/dobra-de-precisao\/","url":"https:\/\/buzas.com.br\/dobra-de-precisao\/","name":"Buzas - Dobra de Precis\u00e3o - Buzas","isPartOf":{"@id":"https:\/\/buzas.com.br\/#website"},"primaryImageOfPage":{"@id":"https:\/\/buzas.com.br\/dobra-de-precisao\/#primaryimage"},"image":{"@id":"https:\/\/buzas.com.br\/dobra-de-precisao\/#primaryimage"},"thumbnailUrl":"http:\/\/buzas.com.br\/wp-content\/uploads\/2021\/12\/imagem01-1.png","datePublished":"2021-11-17T19:19:41+00:00","dateModified":"2022-06-08T16:13:43+00:00","breadcrumb":{"@id":"https:\/\/buzas.com.br\/dobra-de-precisao\/#breadcrumb"},"inLanguage":"en-US","potentialAction":[{"@type":"ReadAction","target":["https:\/\/buzas.com.br\/dobra-de-precisao\/"]}]},{"@type":"ImageObject","inLanguage":"en-US","@id":"https:\/\/buzas.com.br\/dobra-de-precisao\/#primaryimage","url":"http:\/\/buzas.com.br\/wp-content\/uploads\/2021\/12\/imagem01-1.png","contentUrl":"http:\/\/buzas.com.br\/wp-content\/uploads\/2021\/12\/imagem01-1.png"},{"@type":"BreadcrumbList","@id":"https:\/\/buzas.com.br\/dobra-de-precisao\/#breadcrumb","itemListElement":[{"@type":"ListItem","position":1,"name":"In\u00edcio","item":"https:\/\/buzas.com.br\/"},{"@type":"ListItem","position":2,"name":"Buzas &#8211; Dobra de Precis\u00e3o"}]},{"@type":"WebSite","@id":"https:\/\/buzas.com.br\/#website","url":"https:\/\/buzas.com.br\/","name":"Buzas","description":"Pioneira no Brasil em servi\u00e7o de corte de chapas a laser. Servi\u00e7os com qualidade ISO 9001:2000.","potentialAction":[{"@type":"SearchAction","target":{"@type":"EntryPoint","urlTemplate":"https:\/\/buzas.com.br\/?s={search_term_string}"},"query-input":{"@type":"PropertyValueSpecification","valueRequired":true,"valueName":"search_term_string"}}],"inLanguage":"en-US"}]}},"_links":{"self":[{"href":"https:\/\/buzas.com.br\/english\/wp-json\/wp\/v2\/pages\/270","targetHints":{"allow":["GET"]}}],"collection":[{"href":"https:\/\/buzas.com.br\/english\/wp-json\/wp\/v2\/pages"}],"about":[{"href":"https:\/\/buzas.com.br\/english\/wp-json\/wp\/v2\/types\/page"}],"author":[{"embeddable":true,"href":"https:\/\/buzas.com.br\/english\/wp-json\/wp\/v2\/users\/1"}],"replies":[{"embeddable":true,"href":"https:\/\/buzas.com.br\/english\/wp-json\/wp\/v2\/comments?post=270"}],"version-history":[{"count":45,"href":"https:\/\/buzas.com.br\/english\/wp-json\/wp\/v2\/pages\/270\/revisions"}],"predecessor-version":[{"id":1708,"href":"https:\/\/buzas.com.br\/english\/wp-json\/wp\/v2\/pages\/270\/revisions\/1708"}],"wp:attachment":[{"href":"https:\/\/buzas.com.br\/english\/wp-json\/wp\/v2\/media?parent=270"}],"curies":[{"name":"wp","href":"https:\/\/api.w.org\/{rel}","templated":true}]}}