{"id":510,"date":"2021-11-18T15:31:22","date_gmt":"2021-11-18T18:31:22","guid":{"rendered":"https:\/\/buzas.devfirma.com.br\/?page_id=510"},"modified":"2022-06-13T13:37:17","modified_gmt":"2022-06-13T16:37:17","slug":"corte-a-laser-de-tubo","status":"publish","type":"page","link":"https:\/\/buzas.com.br\/english\/corte-a-laser-de-tubo\/","title":{"rendered":"Buzas &#8211; Corte a Laser de Tubo"},"content":{"rendered":"<div data-elementor-type=\"wp-page\" data-elementor-id=\"510\" class=\"elementor elementor-510\" data-elementor-post-type=\"page\">\n\t\t\t\t\t\t<section class=\"elementor-section elementor-top-section elementor-element elementor-element-20e3869 elementor-section-boxed elementor-section-height-default elementor-section-height-default\" data-id=\"20e3869\" data-element_type=\"section\" data-settings=\"{&quot;background_background&quot;:&quot;classic&quot;}\">\n\t\t\t\t\t\t<div class=\"elementor-container elementor-column-gap-no\">\n\t\t\t\t\t<div class=\"elementor-column elementor-col-50 elementor-top-column elementor-element elementor-element-6793c2b\" data-id=\"6793c2b\" data-element_type=\"column\">\n\t\t\t<div class=\"elementor-widget-wrap elementor-element-populated\">\n\t\t\t\t\t\t<div class=\"elementor-element elementor-element-2e1a5c6 elementor-widget elementor-widget-heading\" data-id=\"2e1a5c6\" data-element_type=\"widget\" data-widget_type=\"heading.default\">\n\t\t\t\t<div class=\"elementor-widget-container\">\n\t\t\t\t\t<h1 class=\"elementor-heading-title elementor-size-default\">Tube Laser Cutting<\/h1>\t\t\t\t<\/div>\n\t\t\t\t<\/div>\n\t\t\t\t<div class=\"elementor-element elementor-element-adbf84a elementor-widget elementor-widget-text-editor\" data-id=\"adbf84a\" data-element_type=\"widget\" data-widget_type=\"text-editor.default\">\n\t\t\t\t<div class=\"elementor-widget-container\">\n\t\t\t\t\t\t\t\t\t<p>Tube Laser Cutting combines productivity with maximum cutting precision.<\/p>\t\t\t\t\t\t\t\t<\/div>\n\t\t\t\t<\/div>\n\t\t\t\t\t<\/div>\n\t\t<\/div>\n\t\t\t\t<div class=\"elementor-column elementor-col-50 elementor-top-column elementor-element elementor-element-351ae88\" data-id=\"351ae88\" data-element_type=\"column\">\n\t\t\t<div class=\"elementor-widget-wrap\">\n\t\t\t\t\t\t\t<\/div>\n\t\t<\/div>\n\t\t\t\t\t<\/div>\n\t\t<\/section>\n\t\t\t\t<section class=\"elementor-section elementor-top-section elementor-element elementor-element-8bf3bcd elementor-section-boxed elementor-section-height-default elementor-section-height-default\" data-id=\"8bf3bcd\" data-element_type=\"section\" data-settings=\"{&quot;background_background&quot;:&quot;classic&quot;}\">\n\t\t\t\t\t\t<div class=\"elementor-container elementor-column-gap-default\">\n\t\t\t\t\t<div class=\"elementor-column elementor-col-50 elementor-top-column elementor-element elementor-element-4105e8c\" data-id=\"4105e8c\" data-element_type=\"column\">\n\t\t\t<div class=\"elementor-widget-wrap elementor-element-populated\">\n\t\t\t\t\t\t<div class=\"elementor-element elementor-element-16de658 elementor-widget elementor-widget-text-editor\" data-id=\"16de658\" data-element_type=\"widget\" data-widget_type=\"text-editor.default\">\n\t\t\t\t<div class=\"elementor-widget-container\">\n\t\t\t\t\t\t\t\t\t<p>The constant investment in its industrial park guarantees Buzas Laser Service the best production capacity in<\/p>\n<p class=\"translation-block\">The constant investment in its industrial park guarantees Buzas Laser Service the best production capacity in the metal forming market.<\/p>\n<p>Tube Laser Cutting combines productivity with maximum <a href=\"https:\/\/buzas.com.br\/english\/tecnologia\/\">cutting precision<\/a> in any type of tube section, which is of fundamental importance for the coupling, considering the structures to be manufactured.<\/p>\t\t\t\t\t\t\t\t<\/div>\n\t\t\t\t<\/div>\n\t\t\t\t\t<\/div>\n\t\t<\/div>\n\t\t\t\t<div class=\"elementor-column elementor-col-50 elementor-top-column elementor-element elementor-element-aea561d\" data-id=\"aea561d\" data-element_type=\"column\">\n\t\t\t<div class=\"elementor-widget-wrap elementor-element-populated\">\n\t\t\t\t\t\t<div class=\"elementor-element elementor-element-5f3fc32 elementor-widget elementor-widget-image\" data-id=\"5f3fc32\" data-element_type=\"widget\" data-widget_type=\"image.default\">\n\t\t\t\t<div class=\"elementor-widget-container\">\n\t\t\t\t\t\t\t\t\t\t\t\t\t\t\t<img fetchpriority=\"high\" decoding=\"async\" width=\"426\" height=\"426\" src=\"https:\/\/buzas.com.br\/wp-content\/uploads\/2021\/11\/Corte.png\" class=\"attachment-large size-large wp-image-520\" alt=\"Corte a Laser de Tubo\" srcset=\"https:\/\/buzas.com.br\/wp-content\/uploads\/2021\/11\/Corte.png 426w, https:\/\/buzas.com.br\/wp-content\/uploads\/2021\/11\/Corte-300x300.png 300w, https:\/\/buzas.com.br\/wp-content\/uploads\/2021\/11\/Corte-150x150.png 150w\" sizes=\"(max-width: 426px) 100vw, 426px\" \/>\t\t\t\t\t\t\t\t\t\t\t\t\t\t\t<\/div>\n\t\t\t\t<\/div>\n\t\t\t\t\t<\/div>\n\t\t<\/div>\n\t\t\t\t\t<\/div>\n\t\t<\/section>\n\t\t\t\t<section class=\"elementor-section elementor-top-section elementor-element elementor-element-216ee4b elementor-section-boxed elementor-section-height-default elementor-section-height-default\" data-id=\"216ee4b\" data-element_type=\"section\" data-settings=\"{&quot;background_background&quot;:&quot;classic&quot;}\">\n\t\t\t\t\t\t<div class=\"elementor-container elementor-column-gap-default\">\n\t\t\t\t\t<div class=\"elementor-column elementor-col-50 elementor-top-column elementor-element elementor-element-b4f493d\" data-id=\"b4f493d\" data-element_type=\"column\">\n\t\t\t<div class=\"elementor-widget-wrap\">\n\t\t\t\t\t\t\t<\/div>\n\t\t<\/div>\n\t\t\t\t<div class=\"elementor-column elementor-col-50 elementor-top-column elementor-element elementor-element-c2e336f\" data-id=\"c2e336f\" data-element_type=\"column\">\n\t\t\t<div class=\"elementor-widget-wrap elementor-element-populated\">\n\t\t\t\t\t\t<div class=\"elementor-element elementor-element-717f0dc elementor-widget elementor-widget-text-editor\" data-id=\"717f0dc\" data-element_type=\"widget\" data-widget_type=\"text-editor.default\">\n\t\t\t\t<div class=\"elementor-widget-container\">\n\t\t\t\t\t\t\t\t\tMaterial\n\t\t\t\t\t\t\t\t<\/div>\n\t\t\t\t<\/div>\n\t\t\t\t<div class=\"elementor-element elementor-element-c8a1461 elementor-widget elementor-widget-text-editor\" data-id=\"c8a1461\" data-element_type=\"widget\" data-widget_type=\"text-editor.default\">\n\t\t\t\t<div class=\"elementor-widget-container\">\n\t\t\t\t\t\t\t\t\tSquare, round, oval and rectangular stainless steel and carbon tubes. Up to 6mm thick.\t\t\t\t\t\t\t\t<\/div>\n\t\t\t\t<\/div>\n\t\t\t\t<div class=\"elementor-element elementor-element-6e3ae1e elementor-widget elementor-widget-text-editor\" data-id=\"6e3ae1e\" data-element_type=\"widget\" data-widget_type=\"text-editor.default\">\n\t\t\t\t<div class=\"elementor-widget-container\">\n\t\t\t\t\t\t\t\t\t<p>Capacity<\/p>\t\t\t\t\t\t\t\t<\/div>\n\t\t\t\t<\/div>\n\t\t\t\t<div class=\"elementor-element elementor-element-ebac252 elementor-widget elementor-widget-text-editor\" data-id=\"ebac252\" data-element_type=\"widget\" data-widget_type=\"text-editor.default\">\n\t\t\t\t<div class=\"elementor-widget-container\">\n\t\t\t\t\t\t\t\t\t<p>Capacity up to 140mm diameter\/diagonal and maximum length up to 6,000mm.<\/p>\t\t\t\t\t\t\t\t<\/div>\n\t\t\t\t<\/div>\n\t\t\t\t\t<\/div>\n\t\t<\/div>\n\t\t\t\t\t<\/div>\n\t\t<\/section>\n\t\t\t\t<\/div>","protected":false},"excerpt":{"rendered":"<p>Corte a Laser de Tubo O Corte a Laser de Tubo combina produtividade com a m\u00e1xima precis\u00e3o de corte. A Buzas Laser Service sempre est\u00e1 comprometida em melhorar seus processos produtivos. O foco desse objetivo est\u00e1 em atender seus clientes e, com isso ,superar a expectativa deles. O investimento constante no seu parque industrial garante [&hellip;]<\/p>","protected":false},"author":1,"featured_media":0,"parent":0,"menu_order":0,"comment_status":"closed","ping_status":"closed","template":"elementor_header_footer","meta":{"footnotes":""},"class_list":["post-510","page","type-page","status-publish","hentry"],"yoast_head":"<!-- This site is optimized with the Yoast SEO plugin v26.1.1 - https:\/\/yoast.com\/wordpress\/plugins\/seo\/ -->\n<title>Corte a Laser de Tubo - Buzas Laser Service<\/title>\n<meta name=\"description\" content=\"O Corte a Laser de Tubo combina produtividade com a m\u00e1xima precis\u00e3o de corte em qualquer tipo de se\u00e7\u00e3o de tubo.\" \/>\n<meta name=\"robots\" content=\"index, follow, max-snippet:-1, max-image-preview:large, max-video-preview:-1\" \/>\n<link rel=\"canonical\" href=\"https:\/\/buzas.com.br\/english\/corte-a-laser-de-tubo\/\" \/>\n<meta property=\"og:locale\" content=\"en_US\" \/>\n<meta property=\"og:type\" content=\"article\" \/>\n<meta property=\"og:title\" content=\"Corte a Laser de Tubo - Buzas Laser Service\" \/>\n<meta property=\"og:description\" content=\"O Corte a Laser de Tubo combina produtividade com a m\u00e1xima precis\u00e3o de corte em qualquer tipo de se\u00e7\u00e3o de tubo.\" \/>\n<meta property=\"og:url\" content=\"https:\/\/buzas.com.br\/english\/corte-a-laser-de-tubo\/\" \/>\n<meta property=\"og:site_name\" content=\"Buzas\" \/>\n<meta property=\"article:modified_time\" content=\"2022-06-13T16:37:17+00:00\" \/>\n<meta property=\"og:image\" content=\"http:\/\/buzas.com.br\/wp-content\/uploads\/2021\/11\/Corte.png\" \/>\n<meta name=\"twitter:card\" content=\"summary_large_image\" \/>\n<meta name=\"twitter:label1\" content=\"Est. reading time\" \/>\n\t<meta name=\"twitter:data1\" content=\"1 minute\" \/>\n<script type=\"application\/ld+json\" class=\"yoast-schema-graph\">{\"@context\":\"https:\/\/schema.org\",\"@graph\":[{\"@type\":\"WebPage\",\"@id\":\"https:\/\/buzas.com.br\/corte-a-laser-de-tubo\/\",\"url\":\"https:\/\/buzas.com.br\/corte-a-laser-de-tubo\/\",\"name\":\"Corte a Laser de Tubo - Buzas Laser Service\",\"isPartOf\":{\"@id\":\"https:\/\/buzas.com.br\/#website\"},\"primaryImageOfPage\":{\"@id\":\"https:\/\/buzas.com.br\/corte-a-laser-de-tubo\/#primaryimage\"},\"image\":{\"@id\":\"https:\/\/buzas.com.br\/corte-a-laser-de-tubo\/#primaryimage\"},\"thumbnailUrl\":\"http:\/\/buzas.com.br\/wp-content\/uploads\/2021\/11\/Corte.png\",\"datePublished\":\"2021-11-18T18:31:22+00:00\",\"dateModified\":\"2022-06-13T16:37:17+00:00\",\"description\":\"O Corte a Laser de Tubo combina produtividade com a m\u00e1xima precis\u00e3o de corte em qualquer tipo de se\u00e7\u00e3o de tubo.\",\"breadcrumb\":{\"@id\":\"https:\/\/buzas.com.br\/corte-a-laser-de-tubo\/#breadcrumb\"},\"inLanguage\":\"en-US\",\"potentialAction\":[{\"@type\":\"ReadAction\",\"target\":[\"https:\/\/buzas.com.br\/corte-a-laser-de-tubo\/\"]}]},{\"@type\":\"ImageObject\",\"inLanguage\":\"en-US\",\"@id\":\"https:\/\/buzas.com.br\/corte-a-laser-de-tubo\/#primaryimage\",\"url\":\"http:\/\/buzas.com.br\/wp-content\/uploads\/2021\/11\/Corte.png\",\"contentUrl\":\"http:\/\/buzas.com.br\/wp-content\/uploads\/2021\/11\/Corte.png\"},{\"@type\":\"BreadcrumbList\",\"@id\":\"https:\/\/buzas.com.br\/corte-a-laser-de-tubo\/#breadcrumb\",\"itemListElement\":[{\"@type\":\"ListItem\",\"position\":1,\"name\":\"In\u00edcio\",\"item\":\"https:\/\/buzas.com.br\/\"},{\"@type\":\"ListItem\",\"position\":2,\"name\":\"Buzas &#8211; Corte a Laser de Tubo\"}]},{\"@type\":\"WebSite\",\"@id\":\"https:\/\/buzas.com.br\/#website\",\"url\":\"https:\/\/buzas.com.br\/\",\"name\":\"Buzas\",\"description\":\"Pioneira no Brasil em servi\u00e7o de corte de chapas a laser. Servi\u00e7os com qualidade ISO 9001:2000.\",\"potentialAction\":[{\"@type\":\"SearchAction\",\"target\":{\"@type\":\"EntryPoint\",\"urlTemplate\":\"https:\/\/buzas.com.br\/?s={search_term_string}\"},\"query-input\":{\"@type\":\"PropertyValueSpecification\",\"valueRequired\":true,\"valueName\":\"search_term_string\"}}],\"inLanguage\":\"en-US\"}]}<\/script>\n<!-- \/ Yoast SEO plugin. -->","yoast_head_json":{"title":"Corte a Laser de Tubo - Buzas Laser Service","description":"O Corte a Laser de Tubo combina produtividade com a m\u00e1xima precis\u00e3o de corte em qualquer tipo de se\u00e7\u00e3o de tubo.","robots":{"index":"index","follow":"follow","max-snippet":"max-snippet:-1","max-image-preview":"max-image-preview:large","max-video-preview":"max-video-preview:-1"},"canonical":"https:\/\/buzas.com.br\/english\/corte-a-laser-de-tubo\/","og_locale":"en_US","og_type":"article","og_title":"Corte a Laser de Tubo - Buzas Laser Service","og_description":"O Corte a Laser de Tubo combina produtividade com a m\u00e1xima precis\u00e3o de corte em qualquer tipo de se\u00e7\u00e3o de tubo.","og_url":"https:\/\/buzas.com.br\/english\/corte-a-laser-de-tubo\/","og_site_name":"Buzas","article_modified_time":"2022-06-13T16:37:17+00:00","og_image":[{"url":"http:\/\/buzas.com.br\/wp-content\/uploads\/2021\/11\/Corte.png","type":"","width":"","height":""}],"twitter_card":"summary_large_image","twitter_misc":{"Est. reading time":"1 minute"},"schema":{"@context":"https:\/\/schema.org","@graph":[{"@type":"WebPage","@id":"https:\/\/buzas.com.br\/corte-a-laser-de-tubo\/","url":"https:\/\/buzas.com.br\/corte-a-laser-de-tubo\/","name":"Corte a Laser de Tubo - Buzas Laser Service","isPartOf":{"@id":"https:\/\/buzas.com.br\/#website"},"primaryImageOfPage":{"@id":"https:\/\/buzas.com.br\/corte-a-laser-de-tubo\/#primaryimage"},"image":{"@id":"https:\/\/buzas.com.br\/corte-a-laser-de-tubo\/#primaryimage"},"thumbnailUrl":"http:\/\/buzas.com.br\/wp-content\/uploads\/2021\/11\/Corte.png","datePublished":"2021-11-18T18:31:22+00:00","dateModified":"2022-06-13T16:37:17+00:00","description":"O Corte a Laser de Tubo combina produtividade com a m\u00e1xima precis\u00e3o de corte em qualquer tipo de se\u00e7\u00e3o de tubo.","breadcrumb":{"@id":"https:\/\/buzas.com.br\/corte-a-laser-de-tubo\/#breadcrumb"},"inLanguage":"en-US","potentialAction":[{"@type":"ReadAction","target":["https:\/\/buzas.com.br\/corte-a-laser-de-tubo\/"]}]},{"@type":"ImageObject","inLanguage":"en-US","@id":"https:\/\/buzas.com.br\/corte-a-laser-de-tubo\/#primaryimage","url":"http:\/\/buzas.com.br\/wp-content\/uploads\/2021\/11\/Corte.png","contentUrl":"http:\/\/buzas.com.br\/wp-content\/uploads\/2021\/11\/Corte.png"},{"@type":"BreadcrumbList","@id":"https:\/\/buzas.com.br\/corte-a-laser-de-tubo\/#breadcrumb","itemListElement":[{"@type":"ListItem","position":1,"name":"In\u00edcio","item":"https:\/\/buzas.com.br\/"},{"@type":"ListItem","position":2,"name":"Buzas &#8211; Corte a Laser de Tubo"}]},{"@type":"WebSite","@id":"https:\/\/buzas.com.br\/#website","url":"https:\/\/buzas.com.br\/","name":"Buzas","description":"Pioneira no Brasil em servi\u00e7o de corte de chapas a laser. Servi\u00e7os com qualidade ISO 9001:2000.","potentialAction":[{"@type":"SearchAction","target":{"@type":"EntryPoint","urlTemplate":"https:\/\/buzas.com.br\/?s={search_term_string}"},"query-input":{"@type":"PropertyValueSpecification","valueRequired":true,"valueName":"search_term_string"}}],"inLanguage":"en-US"}]}},"_links":{"self":[{"href":"https:\/\/buzas.com.br\/english\/wp-json\/wp\/v2\/pages\/510","targetHints":{"allow":["GET"]}}],"collection":[{"href":"https:\/\/buzas.com.br\/english\/wp-json\/wp\/v2\/pages"}],"about":[{"href":"https:\/\/buzas.com.br\/english\/wp-json\/wp\/v2\/types\/page"}],"author":[{"embeddable":true,"href":"https:\/\/buzas.com.br\/english\/wp-json\/wp\/v2\/users\/1"}],"replies":[{"embeddable":true,"href":"https:\/\/buzas.com.br\/english\/wp-json\/wp\/v2\/comments?post=510"}],"version-history":[{"count":63,"href":"https:\/\/buzas.com.br\/english\/wp-json\/wp\/v2\/pages\/510\/revisions"}],"predecessor-version":[{"id":1815,"href":"https:\/\/buzas.com.br\/english\/wp-json\/wp\/v2\/pages\/510\/revisions\/1815"}],"wp:attachment":[{"href":"https:\/\/buzas.com.br\/english\/wp-json\/wp\/v2\/media?parent=510"}],"curies":[{"name":"wp","href":"https:\/\/api.w.org\/{rel}","templated":true}]}}