{"id":534,"date":"2021-11-18T17:42:12","date_gmt":"2021-11-18T20:42:12","guid":{"rendered":"https:\/\/buzas.devfirma.com.br\/?page_id=534"},"modified":"2022-06-08T13:22:09","modified_gmt":"2022-06-08T16:22:09","slug":"politica-de-privacidade","status":"publish","type":"page","link":"https:\/\/buzas.com.br\/english\/politica-de-privacidade\/","title":{"rendered":"Privacy Policy"},"content":{"rendered":"<div data-elementor-type=\"wp-page\" data-elementor-id=\"534\" class=\"elementor elementor-534\" data-elementor-post-type=\"page\">\n\t\t\t\t\t\t<section class=\"elementor-section elementor-top-section elementor-element elementor-element-56ae381 elementor-section-height-min-height elementor-section-boxed elementor-section-height-default elementor-section-items-middle\" data-id=\"56ae381\" data-element_type=\"section\" data-settings=\"{&quot;background_background&quot;:&quot;classic&quot;}\">\n\t\t\t\t\t\t<div class=\"elementor-container elementor-column-gap-default\">\n\t\t\t\t\t<div class=\"elementor-column elementor-col-50 elementor-top-column elementor-element elementor-element-bd426f6\" data-id=\"bd426f6\" data-element_type=\"column\">\n\t\t\t<div class=\"elementor-widget-wrap elementor-element-populated\">\n\t\t\t\t\t\t<div class=\"elementor-element elementor-element-40decab elementor-widget elementor-widget-heading\" data-id=\"40decab\" data-element_type=\"widget\" data-widget_type=\"heading.default\">\n\t\t\t\t<div class=\"elementor-widget-container\">\n\t\t\t\t\t<h1 class=\"elementor-heading-title elementor-size-default\">Privacy Policy<\/h1>\t\t\t\t<\/div>\n\t\t\t\t<\/div>\n\t\t\t\t\t<\/div>\n\t\t<\/div>\n\t\t\t\t<div class=\"elementor-column elementor-col-50 elementor-top-column elementor-element elementor-element-c01ae4a\" data-id=\"c01ae4a\" data-element_type=\"column\">\n\t\t\t<div class=\"elementor-widget-wrap\">\n\t\t\t\t\t\t\t<\/div>\n\t\t<\/div>\n\t\t\t\t\t<\/div>\n\t\t<\/section>\n\t\t\t\t<section class=\"elementor-section elementor-top-section elementor-element elementor-element-618096b elementor-section-boxed elementor-section-height-default elementor-section-height-default\" data-id=\"618096b\" data-element_type=\"section\">\n\t\t\t\t\t\t<div class=\"elementor-container elementor-column-gap-default\">\n\t\t\t\t\t<div class=\"elementor-column elementor-col-100 elementor-top-column elementor-element elementor-element-0110536\" data-id=\"0110536\" data-element_type=\"column\">\n\t\t\t<div class=\"elementor-widget-wrap elementor-element-populated\">\n\t\t\t\t\t\t<div class=\"elementor-element elementor-element-3ca0b6b elementor-widget elementor-widget-text-editor\" data-id=\"3ca0b6b\" data-element_type=\"widget\" data-widget_type=\"text-editor.default\">\n\t\t\t\t<div class=\"elementor-widget-container\">\n\t\t\t\t\t\t\t\t\t<p>We are committed to safeguarding your privacy and protecting your data. The purpose of this document is to clarify what information is collected from users on our website and how this data is used.<\/p><p>To offer our services, we collect various data and information, aiming, above all, to provide an increasingly better experience for you. We recognize that your privacy is very important, therefore, we take every possible measure to protect it. In this sense, this Privacy Policy aims to inform how your information and personal data will be collected, used, shared and stored through our websites. This document forms an integral part of our Website Terms of Use, which contains an overview of our website.<\/p><p>This Privacy Policy applies when you use our Services that involve online and offline data collection, including Personal Data that we collect through our services and channels, including websites, third party social media, contact forms and events. Our users can choose, in certain cases, the types of data we collect, use and share, as described in this Privacy Policy.<\/p><p>Acceptance of our Policy will be made when you register on our website to enjoy one of the services mentioned above. Such acceptance will take place when you affirmatively agree to the use of your data for each of the purposes described by us here. This will indicate that you are aware of and in full agreement with how we will use your information and data. If you choose not to provide us with the Personal Data necessary to use our services or if you do not agree with this Policy, we will not be able to provide you with our services. If you do not agree with this Policy, please do not continue your registration procedure and do not use our services. However, please let us know your disagreement so that we can clarify or improve it.<\/p><p>This document has been written in a simple and accessible way, with several examples of data collection and use, precisely so that you can read and understand how we use your data to offer you a safe and comfortable experience in the use of the services that we offer you.<\/p><h2>\u00a0<\/h2><h2><strong><span style=\"color: #013066;\">WHAT TYPES OF PERSONAL DATA DO WE COLLECT?<\/span><\/strong><\/h2><p>When accessing our website, you may provide some data or have data collected with some information that allows us to provide a service. In addition, not only can this data be collected by digital means, but we may also have some personal data from you that you provide at an event of our own or that we participate as partners. Below we describe what this information is:<\/p><p>When filling out the contact form, you can provide us with information such as: name, e-mail, telephone and company;<\/p><p>Interactions with our advertisements (for example, if you interact with one or more of our advertisements on a third-party website, we may receive information about that interaction);<\/p><p>If you only access our websites, we will collect your browsing data. In the case, when you visit our website, a \u201ccookie\u201d is inserted in your browser through the Google Analytics software, to identify how many times you return to our address;<\/p><p>Through a pixel on our website, we also collect data for Facebook. This data may be used for marketing campaigns through Facebook ads. You can read Facebook's privacy policy here: https:\/\/www.facebook.com\/about\/privacy\/update\/printable ;<\/p><p>If you interact with our materials and content, we will collect, in addition to your browsing data mentioned in the Visitors section, your visit data to our pages, and other information that you choose to share with us, through your interactions with our Landing. Pages.<\/p><p>When registering for any of the events and\/or lectures held by us or that we are promoting as partners, you can provide us with some information, such as: name, e-mail, telephone number and company.<\/p><p>It is worth mentioning that all the data we collect is used for the provision of our services. Therefore, all data and information about you are treated as confidential and we will only use them for the purposes described and authorized by you, mainly so that you can fully use our services, always aiming to improve your user experience.<\/p><h2><span style=\"color: #013066;\"><strong>HOW DO WE USE YOUR DATA \/ WHAT IS THE PURPOSE?<\/strong><\/span><\/h2><p>We will use your collected information to help us promote, improve, optimize and develop our services. Of the purposes:<\/p><p>Your e-mail is used for the operation of sending information requested by you when filling out the form. It can also be used to send newsletters via Mailchimp, always related to Digital Marketing topics, technology in general and also communication of the launch of new free materials or new services and partners. However, the user can unsubscribe at any time;<\/p><p>Employees of our team may occasionally contact you via email or telephone to request briefings, research or present services;<\/p><p>Send you messages regarding support or service, such as alerts, notifications and updates;<\/p><p>Communicate with you about products, services, promotions, news, events and other matters that you may be interested in;<\/p><p>Carry out targeted advertising according to your tastes, interests and other collected information.<\/p><h2><strong><span style=\"color: #013066;\">HOW IS YOUR PERSONAL DATA STORED?<\/span><\/strong><\/h2><p>The information we collect is stored in reliable services and, through them, we will process this data in accordance with our Privacy Policy and, thus, providing the necessary security for your data.<\/p><h2><strong><span style=\"color: #013066;\">HOW LONG IS YOUR DATA STORED?<\/span><\/strong><\/h2><p>Your data will remain in our databases until the deletion request is made.<\/p><h2><strong><span style=\"color: #013066;\">HOW TO REQUEST THE DELETION OF YOUR PERSONAL DATA?<\/span><\/strong><\/h2><p>To request the deletion of your data, simply send an email to\u00a0<strong><em><a href=\"mailto:lgpd@buzas.com.br\">lgpd@buzas.com.br<\/a><\/em><\/strong>, that within 5 working days the data will be removed. How will we notify you of changes to this Policy?<\/p><p>If we make any material changes to the Policy, we will send you an email along with the new Privacy Policy. That's why it's always important to keep your contact details up to date.<\/p>\t\t\t\t\t\t\t\t<\/div>\n\t\t\t\t<\/div>\n\t\t\t\t\t<\/div>\n\t\t<\/div>\n\t\t\t\t\t<\/div>\n\t\t<\/section>\n\t\t\t\t<\/div>","protected":false},"excerpt":{"rendered":"<p>Pol\u00edtica de Privacidade N\u00f3s estamos comprometidos em resguardar sua privacidade e proteger seus dados. O intuito deste documento \u00e9 esclarecer quais informa\u00e7\u00f5es s\u00e3o coletadas dos usu\u00e1rios em nosso site e de que forma esses dados s\u00e3o utilizados. Para oferecer nossos servi\u00e7os n\u00f3s coletamos diversos dados e informa\u00e7\u00f5es, visando, sobretudo, proporcionar uma experi\u00eancia cada vez melhor [&hellip;]<\/p>","protected":false},"author":1,"featured_media":0,"parent":0,"menu_order":0,"comment_status":"closed","ping_status":"closed","template":"elementor_header_footer","meta":{"footnotes":""},"class_list":["post-534","page","type-page","status-publish","hentry"],"yoast_head":"<!-- This site is optimized with the Yoast SEO plugin v26.1.1 - https:\/\/yoast.com\/wordpress\/plugins\/seo\/ -->\n<title>Pol\u00edtica de Privacidade - Buzas<\/title>\n<meta name=\"robots\" content=\"index, follow, max-snippet:-1, max-image-preview:large, max-video-preview:-1\" \/>\n<link rel=\"canonical\" href=\"https:\/\/buzas.com.br\/english\/politica-de-privacidade\/\" \/>\n<meta property=\"og:locale\" content=\"en_US\" \/>\n<meta property=\"og:type\" content=\"article\" \/>\n<meta property=\"og:title\" content=\"Pol\u00edtica de Privacidade - Buzas\" \/>\n<meta property=\"og:description\" content=\"Pol\u00edtica de Privacidade N\u00f3s estamos comprometidos em resguardar sua privacidade e proteger seus dados. O intuito deste documento \u00e9 esclarecer quais informa\u00e7\u00f5es s\u00e3o coletadas dos usu\u00e1rios em nosso site e de que forma esses dados s\u00e3o utilizados. Para oferecer nossos servi\u00e7os n\u00f3s coletamos diversos dados e informa\u00e7\u00f5es, visando, sobretudo, proporcionar uma experi\u00eancia cada vez melhor [&hellip;]\" \/>\n<meta property=\"og:url\" content=\"https:\/\/buzas.com.br\/english\/politica-de-privacidade\/\" \/>\n<meta property=\"og:site_name\" content=\"Buzas\" \/>\n<meta property=\"article:modified_time\" content=\"2022-06-08T16:22:09+00:00\" \/>\n<meta name=\"twitter:card\" content=\"summary_large_image\" \/>\n<meta name=\"twitter:label1\" content=\"Est. reading time\" \/>\n\t<meta name=\"twitter:data1\" content=\"6 minutes\" \/>\n<script type=\"application\/ld+json\" class=\"yoast-schema-graph\">{\"@context\":\"https:\/\/schema.org\",\"@graph\":[{\"@type\":\"WebPage\",\"@id\":\"https:\/\/buzas.com.br\/politica-de-privacidade\/\",\"url\":\"https:\/\/buzas.com.br\/politica-de-privacidade\/\",\"name\":\"Pol\u00edtica de Privacidade - Buzas\",\"isPartOf\":{\"@id\":\"https:\/\/buzas.com.br\/#website\"},\"datePublished\":\"2021-11-18T20:42:12+00:00\",\"dateModified\":\"2022-06-08T16:22:09+00:00\",\"breadcrumb\":{\"@id\":\"https:\/\/buzas.com.br\/politica-de-privacidade\/#breadcrumb\"},\"inLanguage\":\"en-US\",\"potentialAction\":[{\"@type\":\"ReadAction\",\"target\":[\"https:\/\/buzas.com.br\/politica-de-privacidade\/\"]}]},{\"@type\":\"BreadcrumbList\",\"@id\":\"https:\/\/buzas.com.br\/politica-de-privacidade\/#breadcrumb\",\"itemListElement\":[{\"@type\":\"ListItem\",\"position\":1,\"name\":\"In\u00edcio\",\"item\":\"https:\/\/buzas.com.br\/\"},{\"@type\":\"ListItem\",\"position\":2,\"name\":\"Pol\u00edtica de Privacidade\"}]},{\"@type\":\"WebSite\",\"@id\":\"https:\/\/buzas.com.br\/#website\",\"url\":\"https:\/\/buzas.com.br\/\",\"name\":\"Buzas\",\"description\":\"Pioneira no Brasil em servi\u00e7o de corte de chapas a laser. Servi\u00e7os com qualidade ISO 9001:2000.\",\"potentialAction\":[{\"@type\":\"SearchAction\",\"target\":{\"@type\":\"EntryPoint\",\"urlTemplate\":\"https:\/\/buzas.com.br\/?s={search_term_string}\"},\"query-input\":{\"@type\":\"PropertyValueSpecification\",\"valueRequired\":true,\"valueName\":\"search_term_string\"}}],\"inLanguage\":\"en-US\"}]}<\/script>\n<!-- \/ Yoast SEO plugin. -->","yoast_head_json":{"title":"Pol\u00edtica de Privacidade - Buzas","robots":{"index":"index","follow":"follow","max-snippet":"max-snippet:-1","max-image-preview":"max-image-preview:large","max-video-preview":"max-video-preview:-1"},"canonical":"https:\/\/buzas.com.br\/english\/politica-de-privacidade\/","og_locale":"en_US","og_type":"article","og_title":"Pol\u00edtica de Privacidade - Buzas","og_description":"Pol\u00edtica de Privacidade N\u00f3s estamos comprometidos em resguardar sua privacidade e proteger seus dados. O intuito deste documento \u00e9 esclarecer quais informa\u00e7\u00f5es s\u00e3o coletadas dos usu\u00e1rios em nosso site e de que forma esses dados s\u00e3o utilizados. Para oferecer nossos servi\u00e7os n\u00f3s coletamos diversos dados e informa\u00e7\u00f5es, visando, sobretudo, proporcionar uma experi\u00eancia cada vez melhor [&hellip;]","og_url":"https:\/\/buzas.com.br\/english\/politica-de-privacidade\/","og_site_name":"Buzas","article_modified_time":"2022-06-08T16:22:09+00:00","twitter_card":"summary_large_image","twitter_misc":{"Est. reading time":"6 minutes"},"schema":{"@context":"https:\/\/schema.org","@graph":[{"@type":"WebPage","@id":"https:\/\/buzas.com.br\/politica-de-privacidade\/","url":"https:\/\/buzas.com.br\/politica-de-privacidade\/","name":"Pol\u00edtica de Privacidade - Buzas","isPartOf":{"@id":"https:\/\/buzas.com.br\/#website"},"datePublished":"2021-11-18T20:42:12+00:00","dateModified":"2022-06-08T16:22:09+00:00","breadcrumb":{"@id":"https:\/\/buzas.com.br\/politica-de-privacidade\/#breadcrumb"},"inLanguage":"en-US","potentialAction":[{"@type":"ReadAction","target":["https:\/\/buzas.com.br\/politica-de-privacidade\/"]}]},{"@type":"BreadcrumbList","@id":"https:\/\/buzas.com.br\/politica-de-privacidade\/#breadcrumb","itemListElement":[{"@type":"ListItem","position":1,"name":"In\u00edcio","item":"https:\/\/buzas.com.br\/"},{"@type":"ListItem","position":2,"name":"Pol\u00edtica de Privacidade"}]},{"@type":"WebSite","@id":"https:\/\/buzas.com.br\/#website","url":"https:\/\/buzas.com.br\/","name":"Buzas","description":"Pioneira no Brasil em servi\u00e7o de corte de chapas a laser. Servi\u00e7os com qualidade ISO 9001:2000.","potentialAction":[{"@type":"SearchAction","target":{"@type":"EntryPoint","urlTemplate":"https:\/\/buzas.com.br\/?s={search_term_string}"},"query-input":{"@type":"PropertyValueSpecification","valueRequired":true,"valueName":"search_term_string"}}],"inLanguage":"en-US"}]}},"_links":{"self":[{"href":"https:\/\/buzas.com.br\/english\/wp-json\/wp\/v2\/pages\/534","targetHints":{"allow":["GET"]}}],"collection":[{"href":"https:\/\/buzas.com.br\/english\/wp-json\/wp\/v2\/pages"}],"about":[{"href":"https:\/\/buzas.com.br\/english\/wp-json\/wp\/v2\/types\/page"}],"author":[{"embeddable":true,"href":"https:\/\/buzas.com.br\/english\/wp-json\/wp\/v2\/users\/1"}],"replies":[{"embeddable":true,"href":"https:\/\/buzas.com.br\/english\/wp-json\/wp\/v2\/comments?post=534"}],"version-history":[{"count":31,"href":"https:\/\/buzas.com.br\/english\/wp-json\/wp\/v2\/pages\/534\/revisions"}],"predecessor-version":[{"id":1743,"href":"https:\/\/buzas.com.br\/english\/wp-json\/wp\/v2\/pages\/534\/revisions\/1743"}],"wp:attachment":[{"href":"https:\/\/buzas.com.br\/english\/wp-json\/wp\/v2\/media?parent=534"}],"curies":[{"name":"wp","href":"https:\/\/api.w.org\/{rel}","templated":true}]}}